{"id":901,"date":"2014-07-22T15:15:56","date_gmt":"2014-07-22T15:15:56","guid":{"rendered":"http:\/\/alentejoluminoso.com\/wp\/?page_id=901"},"modified":"2014-07-24T19:54:41","modified_gmt":"2014-07-24T19:54:41","slug":"901-2","status":"publish","type":"page","link":"https:\/\/alentejoluminoso.com\/pt-pt\/901-2\/","title":{"rendered":"SORBRE ALENTEJO"},"content":{"rendered":"<p><a href=\"http:\/\/alentejoluminoso.com\/wp\/wp-content\/uploads\/2014\/06\/about-img-1.png\" rel=\"fancybox[901]\"><img loading=\"lazy\" class=\"alignnone size-medium wp-image-682\" src=\"http:\/\/alentejoluminoso.com\/wp\/wp-content\/uploads\/2014\/06\/about-img-1-300x188.png\" alt=\"about-img-1\" width=\"300\" height=\"188\" srcset=\"https:\/\/alentejoluminoso.com\/wp\/wp-content\/uploads\/2014\/06\/about-img-1-300x188.png 300w, https:\/\/alentejoluminoso.com\/wp\/wp-content\/uploads\/2014\/06\/about-img-1.png 425w\" sizes=\"(max-width: 300px) 100vw, 300px\" \/><\/a> <a href=\"http:\/\/alentejoluminoso.com\/wp\/wp-content\/uploads\/2014\/06\/about-img-2.png\" rel=\"fancybox[901]\"><img loading=\"lazy\" class=\"alignnone size-medium wp-image-683\" src=\"http:\/\/alentejoluminoso.com\/wp\/wp-content\/uploads\/2014\/06\/about-img-2-300x188.png\" alt=\"about-img-2\" width=\"300\" height=\"188\" srcset=\"https:\/\/alentejoluminoso.com\/wp\/wp-content\/uploads\/2014\/06\/about-img-2-300x188.png 300w, https:\/\/alentejoluminoso.com\/wp\/wp-content\/uploads\/2014\/06\/about-img-2.png 425w\" sizes=\"(max-width: 300px) 100vw, 300px\" \/><\/a><\/p>\n<h1><span style=\"color: #33cccc;\">Luninoso,<\/span><\/h1>\n<div class=\"paragraph Free_Form\" style=\"color: #a4a4a4;\"><span style=\"color: #333333;\">Luminoso \u00e9 o nome da nossa regi\u00e3o, devido a muito boa qualidade de luz, que encontramos nesta regi\u00e3o do Alentejo. Fica situado longe de gases poluentes e polui\u00e7\u00e3o de muitas partes da Europa. Milharesd de estrelas que brilham aqui a noite , s\u00e3o prova de uma claridade e luminosidade fascinante do Baixo Alentejo.<\/span><\/div>\n<div class=\"paragraph Free_Form\" style=\"color: #3f3f3f;\"><span style=\"color: #333333;\">O nosso terreno faz fronteira com a Barragem Monte da Rocha. Uma parte destas terras est\u00e3o sob reserva natural. \u00a0Nos inumeros sobreiros, a beira rio bem como dentro de \u00e1gua e entre as pedras, podemos encontrar inumeros animais muito raros como p\u00e1ssaros, tartarugas e javal\u00eds.<\/span><\/div>\n<p><a href=\"http:\/\/alentejoluminoso.com\/wp\/wp-content\/uploads\/2014\/06\/to-do-1.png\" rel=\"fancybox[901]\"><img loading=\"lazy\" class=\"alignnone size-medium wp-image-852\" src=\"http:\/\/alentejoluminoso.com\/wp\/wp-content\/uploads\/2014\/06\/to-do-1-300x188.png\" alt=\"to-do-1\" width=\"300\" height=\"188\" srcset=\"https:\/\/alentejoluminoso.com\/wp\/wp-content\/uploads\/2014\/06\/to-do-1-300x188.png 300w, https:\/\/alentejoluminoso.com\/wp\/wp-content\/uploads\/2014\/06\/to-do-1.png 425w\" sizes=\"(max-width: 300px) 100vw, 300px\" \/><\/a><a href=\"http:\/\/alentejoluminoso.com\/wp\/wp-content\/uploads\/2014\/06\/about-img-51.png\" rel=\"fancybox[901]\"><img loading=\"lazy\" class=\"alignnone size-medium wp-image-856\" src=\"http:\/\/alentejoluminoso.com\/wp\/wp-content\/uploads\/2014\/06\/about-img-51-300x188.png\" alt=\"about-img-5\" width=\"300\" height=\"188\" srcset=\"https:\/\/alentejoluminoso.com\/wp\/wp-content\/uploads\/2014\/06\/about-img-51-300x188.png 300w, https:\/\/alentejoluminoso.com\/wp\/wp-content\/uploads\/2014\/06\/about-img-51.png 425w\" sizes=\"(max-width: 300px) 100vw, 300px\" \/><\/a><\/p>\n<h1 class=\"paragraph Free_Form\" style=\"color: #9e00e7;\"><span style=\"color: #33cccc;\">O especial nesta regi\u00e3o \u00e9<\/span><\/h1>\n<div class=\"paragraph Free_Form\" style=\"color: #3f3f3f;\"><span style=\"color: #333333;\">que \u00e9 uma regi\u00e3o antiga de agricultura e pecu\u00e1ria em Portugal. Aqui podemos encontrar os pastores com os seus rebanhos, os agricultores a encaminhares as suas vacas pelas antigas estradas , enquanto muitas aldeias deixam a impress\u00e3o de serem do seculo passado. Sobreiros e chaparros permanecem a hectares de terreno pouco elevado e entre eles encontramos lindas pastagens verdes que no ver\u00e3o se tranformas numa cor adourada.<\/span><\/div>\n<h1 class=\"paragraph Free_Form\" style=\"color: #9e00e7;\"><span style=\"color: #33cccc;\">Porco preto<\/span><\/h1>\n<div class=\"paragraph Free_Form\" style=\"color: #a4a4a4;\"><span style=\"color: #333333;\">O porco preto n\u00e3o \u00e9 s\u00f3 \u00a0um petisco da regi\u00e3o, podemos encontra-lo nos melhores restaurantes e pequenas lojas na europa inteira.<\/span><\/div>\n<div class=\"paragraph Free_Form\" style=\"color: #3f3f3f;\"><span style=\"color: #333333;\">Na nossa regi\u00e3o encontramos estes animais num ambiente natural, onde podem andar livremente , comendo bolotas \u2013 o que faz com que depois tenham o famoso toucinho Ib\u00e9rico.<\/span><\/div>\n<p><a href=\"http:\/\/alentejoluminoso.com\/wp\/wp-content\/uploads\/2014\/06\/about-img-8.png\" rel=\"fancybox[901]\"><img loading=\"lazy\" class=\"alignnone size-medium wp-image-851\" src=\"http:\/\/alentejoluminoso.com\/wp\/wp-content\/uploads\/2014\/06\/about-img-8-300x188.png\" alt=\"about-img-8\" width=\"300\" height=\"188\" srcset=\"https:\/\/alentejoluminoso.com\/wp\/wp-content\/uploads\/2014\/06\/about-img-8-300x188.png 300w, https:\/\/alentejoluminoso.com\/wp\/wp-content\/uploads\/2014\/06\/about-img-8.png 425w\" sizes=\"(max-width: 300px) 100vw, 300px\" \/><\/a><\/p>\n","protected":false},"excerpt":{"rendered":"<p>Luninoso, Luminoso \u00e9 o nome da nossa regi\u00e3o, devido a muito boa qualidade de luz, que encontramos nesta regi\u00e3o do Alentejo. Fica situado longe de gases poluentes e polui\u00e7\u00e3o de muitas partes da Europa. Milharesd de estrelas que brilham aqui&#8230;&#8230;&#8230;&#8230;&#8230;..<\/p>\n","protected":false},"author":1,"featured_media":542,"parent":0,"menu_order":0,"comment_status":"closed","ping_status":"closed","template":"","meta":[],"_links":{"self":[{"href":"https:\/\/alentejoluminoso.com\/pt-pt\/wp-json\/wp\/v2\/pages\/901"}],"collection":[{"href":"https:\/\/alentejoluminoso.com\/pt-pt\/wp-json\/wp\/v2\/pages"}],"about":[{"href":"https:\/\/alentejoluminoso.com\/pt-pt\/wp-json\/wp\/v2\/types\/page"}],"author":[{"embeddable":true,"href":"https:\/\/alentejoluminoso.com\/pt-pt\/wp-json\/wp\/v2\/users\/1"}],"replies":[{"embeddable":true,"href":"https:\/\/alentejoluminoso.com\/pt-pt\/wp-json\/wp\/v2\/comments?post=901"}],"version-history":[{"count":2,"href":"https:\/\/alentejoluminoso.com\/pt-pt\/wp-json\/wp\/v2\/pages\/901\/revisions"}],"predecessor-version":[{"id":903,"href":"https:\/\/alentejoluminoso.com\/pt-pt\/wp-json\/wp\/v2\/pages\/901\/revisions\/903"}],"wp:featuredmedia":[{"embeddable":true,"href":"https:\/\/alentejoluminoso.com\/pt-pt\/wp-json\/wp\/v2\/media\/542"}],"wp:attachment":[{"href":"https:\/\/alentejoluminoso.com\/pt-pt\/wp-json\/wp\/v2\/media?parent=901"}],"curies":[{"name":"wp","href":"https:\/\/api.w.org\/{rel}","templated":true}]}}