{"id":590,"date":"2014-07-02T17:59:07","date_gmt":"2014-07-02T17:59:07","guid":{"rendered":"http:\/\/alentejoluminoso.com\/wp\/?page_id=590"},"modified":"2018-11-28T13:21:39","modified_gmt":"2018-11-28T14:21:39","slug":"guest-house","status":"publish","type":"page","link":"https:\/\/alentejoluminoso.com\/pt-pt\/guest-house\/","title":{"rendered":"Alojamento"},"content":{"rendered":"<p><a href=\"http:\/\/alentejoluminoso.com\/wp\/wp-content\/uploads\/2014\/07\/guest-house-img-2.png\" rel=\"fancybox[590]\"><img loading=\"lazy\" class=\"alignnone size-medium wp-image-576\" src=\"http:\/\/alentejoluminoso.com\/wp\/wp-content\/uploads\/2014\/07\/guest-house-img-2-300x187.png\" alt=\"guest-house-img-2\" width=\"300\" height=\"187\" srcset=\"https:\/\/alentejoluminoso.com\/wp\/wp-content\/uploads\/2014\/07\/guest-house-img-2-300x187.png 300w, https:\/\/alentejoluminoso.com\/wp\/wp-content\/uploads\/2014\/07\/guest-house-img-2.png 425w\" sizes=\"(max-width: 300px) 100vw, 300px\" \/><\/a><a href=\"http:\/\/alentejoluminoso.com\/wp\/wp-content\/uploads\/2014\/07\/guest-house-img-7.png\" rel=\"fancybox[590]\"><img loading=\"lazy\" class=\"alignnone size-medium wp-image-676\" src=\"http:\/\/alentejoluminoso.com\/wp\/wp-content\/uploads\/2014\/07\/guest-house-img-7-300x188.png\" alt=\"guest-house-img-7\" width=\"300\" height=\"188\" srcset=\"https:\/\/alentejoluminoso.com\/wp\/wp-content\/uploads\/2014\/07\/guest-house-img-7-300x188.png 300w, https:\/\/alentejoluminoso.com\/wp\/wp-content\/uploads\/2014\/07\/guest-house-img-7.png 425w\" sizes=\"(max-width: 300px) 100vw, 300px\" \/><\/a><\/p>\n<p>A casa de h\u00f3spedes foi constru\u00edda como uma t\u00edpica casa tradicional alentejana, com espa\u00e7o luminoso, as janelas com vista para o campo e as vezes o Barragem Monte da Rocha.<br \/>\nFornece todas as necessidades da vida com uma cozinha totalmente equipada, incluindo piso aquecido de lareira a lenha nos meses frios. Dois quartos e duas casas de banho. A piscina 8 \u00d7 4 m \u00e9 definida a cerca de 100 m da casa, em um belo local com vistas espl\u00eandidas.<\/p>\n<p><a href=\"http:\/\/alentejoluminoso.com\/wp\/wp-content\/uploads\/2014\/07\/guest-house-img-4.png\" rel=\"fancybox[590]\"><img loading=\"lazy\" class=\"alignnone size-medium wp-image-580\" src=\"http:\/\/alentejoluminoso.com\/wp\/wp-content\/uploads\/2014\/07\/guest-house-img-4-300x187.png\" alt=\"guest-house-img-4\" width=\"300\" height=\"187\" srcset=\"https:\/\/alentejoluminoso.com\/wp\/wp-content\/uploads\/2014\/07\/guest-house-img-4-300x187.png 300w, https:\/\/alentejoluminoso.com\/wp\/wp-content\/uploads\/2014\/07\/guest-house-img-4.png 425w\" sizes=\"(max-width: 300px) 100vw, 300px\" \/><\/a><a href=\"http:\/\/alentejoluminoso.com\/wp\/wp-content\/uploads\/2014\/07\/to-do-5.png\" rel=\"fancybox[590]\"><img loading=\"lazy\" class=\"alignnone size-medium wp-image-862\" src=\"http:\/\/alentejoluminoso.com\/wp\/wp-content\/uploads\/2014\/07\/to-do-5-300x188.png\" alt=\"to-do-5\" width=\"300\" height=\"188\" srcset=\"https:\/\/alentejoluminoso.com\/wp\/wp-content\/uploads\/2014\/07\/to-do-5-300x188.png 300w, https:\/\/alentejoluminoso.com\/wp\/wp-content\/uploads\/2014\/07\/to-do-5.png 425w\" sizes=\"(max-width: 300px) 100vw, 300px\" \/><\/a><\/p>\n<p>A casa \u00e9 a base ideal para umas f\u00e9rias relaxantes. Aqui voc\u00ea pode desfrutar de paz e tranquilidade, vistas intactas, campo no seu mais puro. Relaxe e aproveite com jantares romanticos \u00e1 pergola da piscina ou piqueniques \u00e0 beira do barragem, nadar, ler, andar de bicicleta&#8230;<\/p>\n<p><a href=\"http:\/\/alentejoluminoso.com\/wp\/wp-content\/uploads\/2014\/07\/guest-house-img-3.png\" rel=\"fancybox[590]\"><img loading=\"lazy\" class=\"alignnone size-medium wp-image-577\" src=\"http:\/\/alentejoluminoso.com\/wp\/wp-content\/uploads\/2014\/07\/guest-house-img-3-300x187.png\" alt=\"guest-house-img-3\" width=\"300\" height=\"187\" srcset=\"https:\/\/alentejoluminoso.com\/wp\/wp-content\/uploads\/2014\/07\/guest-house-img-3-300x187.png 300w, https:\/\/alentejoluminoso.com\/wp\/wp-content\/uploads\/2014\/07\/guest-house-img-3.png 425w\" sizes=\"(max-width: 300px) 100vw, 300px\" \/><\/a><a href=\"http:\/\/alentejoluminoso.com\/wp\/wp-content\/uploads\/2014\/07\/guest-house-img-6.png\" rel=\"fancybox[590]\"><img loading=\"lazy\" class=\"alignnone size-medium wp-image-582\" src=\"http:\/\/alentejoluminoso.com\/wp\/wp-content\/uploads\/2014\/07\/guest-house-img-6-300x187.png\" alt=\"guest-house-img-6\" width=\"300\" height=\"187\" srcset=\"https:\/\/alentejoluminoso.com\/wp\/wp-content\/uploads\/2014\/07\/guest-house-img-6-300x187.png 300w, https:\/\/alentejoluminoso.com\/wp\/wp-content\/uploads\/2014\/07\/guest-house-img-6.png 425w\" sizes=\"(max-width: 300px) 100vw, 300px\" \/><\/a><\/p>\n<p>&nbsp;<\/p>\n","protected":false},"excerpt":{"rendered":"<p>A casa de h\u00f3spedes foi constru\u00edda como uma t\u00edpica casa tradicional alentejana, com espa\u00e7o luminoso, as janelas com vista para o campo e as vezes o Barragem Monte da Rocha. Fornece todas as necessidades da vida com uma cozinha totalmente&#8230;&#8230;&#8230;&#8230;&#8230;..<\/p>\n","protected":false},"author":1,"featured_media":668,"parent":0,"menu_order":0,"comment_status":"closed","ping_status":"closed","template":"","meta":[],"_links":{"self":[{"href":"https:\/\/alentejoluminoso.com\/pt-pt\/wp-json\/wp\/v2\/pages\/590"}],"collection":[{"href":"https:\/\/alentejoluminoso.com\/pt-pt\/wp-json\/wp\/v2\/pages"}],"about":[{"href":"https:\/\/alentejoluminoso.com\/pt-pt\/wp-json\/wp\/v2\/types\/page"}],"author":[{"embeddable":true,"href":"https:\/\/alentejoluminoso.com\/pt-pt\/wp-json\/wp\/v2\/users\/1"}],"replies":[{"embeddable":true,"href":"https:\/\/alentejoluminoso.com\/pt-pt\/wp-json\/wp\/v2\/comments?post=590"}],"version-history":[{"count":12,"href":"https:\/\/alentejoluminoso.com\/pt-pt\/wp-json\/wp\/v2\/pages\/590\/revisions"}],"predecessor-version":[{"id":896,"href":"https:\/\/alentejoluminoso.com\/pt-pt\/wp-json\/wp\/v2\/pages\/590\/revisions\/896"}],"wp:featuredmedia":[{"embeddable":true,"href":"https:\/\/alentejoluminoso.com\/pt-pt\/wp-json\/wp\/v2\/media\/668"}],"wp:attachment":[{"href":"https:\/\/alentejoluminoso.com\/pt-pt\/wp-json\/wp\/v2\/media?parent=590"}],"curies":[{"name":"wp","href":"https:\/\/api.w.org\/{rel}","templated":true}]}}