{"id":1590,"date":"2019-09-11T13:16:11","date_gmt":"2019-09-11T14:16:11","guid":{"rendered":"http:\/\/alentejoluminoso.com\/alfama-luminosa\/"},"modified":"2019-11-22T15:21:16","modified_gmt":"2019-11-22T16:21:16","slug":"alfama-luminosa","status":"publish","type":"page","link":"https:\/\/alentejoluminoso.com\/pt-pt\/alfama-luminosa\/","title":{"rendered":"ALFAMA LUMINOSA lisbon"},"content":{"rendered":"<p><a href=\"http:\/\/alentejoluminoso.com\/wp\/wp-content\/uploads\/2019\/09\/6058aa52-dc83-4ffa-9e5c-be1cd18be3d4.jpg\" rel=\"fancybox[1590]\"><img loading=\"lazy\" class=\"wp-image-1573 size-medium aligncenter\" src=\"http:\/\/alentejoluminoso.com\/wp\/wp-content\/uploads\/2019\/09\/6058aa52-dc83-4ffa-9e5c-be1cd18be3d4-300x230.jpg\" alt=\"\" width=\"300\" height=\"230\" srcset=\"https:\/\/alentejoluminoso.com\/wp\/wp-content\/uploads\/2019\/09\/6058aa52-dc83-4ffa-9e5c-be1cd18be3d4-300x230.jpg 300w, https:\/\/alentejoluminoso.com\/wp\/wp-content\/uploads\/2019\/09\/6058aa52-dc83-4ffa-9e5c-be1cd18be3d4-768x588.jpg 768w, https:\/\/alentejoluminoso.com\/wp\/wp-content\/uploads\/2019\/09\/6058aa52-dc83-4ffa-9e5c-be1cd18be3d4-1024x785.jpg 1024w, https:\/\/alentejoluminoso.com\/wp\/wp-content\/uploads\/2019\/09\/6058aa52-dc83-4ffa-9e5c-be1cd18be3d4.jpg 1253w\" sizes=\"(max-width: 300px) 100vw, 300px\" \/><\/a><\/p>\n<p><strong><span style=\"color: #33cccc;\">Alfama Luminoso Apartment<\/span><\/strong><\/p>\n<div>\n<div dir=\"ltr\">\n<p class=\"_6z3til\">Desfrute de uma estadia no centro hist\u00f3rico de Lisboa, com uma vista fant\u00e1stica sobre a cidade e o rio Tejo. Este lindo apartamento duplex foi completamente renovado. Destaca-se por suas vistas, brilho, grandes janelas, design inteligente e equipamento cuidadosamente escolhido. Est\u00e1 situado numa pequena rua tranquila, a poucos passos de caf\u00e9s, restaurantes e da vida agitada da famosa Alfama.<\/p>\n<\/div>\n<\/div>\n<p><span style=\"color: #33cccc;\">Mais informa\u00e7\u00f5es sobre Alfama Luminoso Apartement<\/span><\/p>\n<p><a style=\"line-height: 1.5;\" href=\"http:\/\/alentejoluminoso.com\/wp\/wp-content\/uploads\/2019\/09\/8f814260-0a4f-49e4-bb2a-2d11ff76f018.jpg\" rel=\"fancybox[1590]\"><img loading=\"lazy\" class=\"size-medium wp-image-1568 alignnone\" src=\"http:\/\/alentejoluminoso.com\/wp\/wp-content\/uploads\/2019\/09\/8f814260-0a4f-49e4-bb2a-2d11ff76f018-300x200.jpg\" alt=\"\" width=\"300\" height=\"200\" srcset=\"https:\/\/alentejoluminoso.com\/wp\/wp-content\/uploads\/2019\/09\/8f814260-0a4f-49e4-bb2a-2d11ff76f018-300x200.jpg 300w, https:\/\/alentejoluminoso.com\/wp\/wp-content\/uploads\/2019\/09\/8f814260-0a4f-49e4-bb2a-2d11ff76f018-768x512.jpg 768w, https:\/\/alentejoluminoso.com\/wp\/wp-content\/uploads\/2019\/09\/8f814260-0a4f-49e4-bb2a-2d11ff76f018-1024x683.jpg 1024w, https:\/\/alentejoluminoso.com\/wp\/wp-content\/uploads\/2019\/09\/8f814260-0a4f-49e4-bb2a-2d11ff76f018.jpg 1440w\" sizes=\"(max-width: 300px) 100vw, 300px\" \/><\/a><img loading=\"lazy\" class=\"size-medium wp-image-1577 alignnone\" style=\"line-height: 1.5;\" src=\"http:\/\/alentejoluminoso.com\/wp\/wp-content\/uploads\/2019\/09\/ab0100f4-1b2b-435e-b1e9-18ab07a817e2-300x200.jpg\" alt=\"\" width=\"300\" height=\"200\" srcset=\"https:\/\/alentejoluminoso.com\/wp\/wp-content\/uploads\/2019\/09\/ab0100f4-1b2b-435e-b1e9-18ab07a817e2-300x200.jpg 300w, https:\/\/alentejoluminoso.com\/wp\/wp-content\/uploads\/2019\/09\/ab0100f4-1b2b-435e-b1e9-18ab07a817e2-768x512.jpg 768w, https:\/\/alentejoluminoso.com\/wp\/wp-content\/uploads\/2019\/09\/ab0100f4-1b2b-435e-b1e9-18ab07a817e2-1024x683.jpg 1024w, https:\/\/alentejoluminoso.com\/wp\/wp-content\/uploads\/2019\/09\/ab0100f4-1b2b-435e-b1e9-18ab07a817e2.jpg 1440w\" sizes=\"(max-width: 300px) 100vw, 300px\" \/><\/p>\n<p><span style=\"color: #33cccc;\"><strong>O espa\u00e7o<\/strong><\/span><\/p>\n<div class=\"box accom_details\">\n<div class=\"box-content\">\n<section>\n<div>\n<div class=\"_36rlri\">\n<div class=\"_36rlri\">\n<div class=\"_czm8crp\">&#8211; 5 h\u00f3spedes \u00a0 &#8211; 2 quartos<\/div>\n<div class=\"_czm8crp\">&#8211; 3 camas \u00a0 \u00a0 \u00a0 \u00a0&#8211; 2 banheiros<\/div>\n<div class=\"_czm8crp\">O apartamento fica no meio das ruas pitorescas de Alfama, o pante\u00e3o e o famoso mercado de fugas de S\u00e3o Vincente (ter\u00e7as e s\u00e1bados) ficam a apenas alguns minutos. Vale a pena visitar a igreja de S\u00e3o Vicente e o antigo convento adjacente. Apenas a 50 metros, voc\u00ea pode pegar o famoso bonde vintage 28, que liga a Pra\u00e7a Martim Moniz (esta\u00e7\u00e3o de metr\u00f4) a bairros populares como Gra\u00e7a, Alfama, Baixa e Estrela. Martim Moniz, Pra\u00e7a do Rossio, Elevador de Santa Justa, Baixa, Chiado, Bairo Alto tamb\u00e9m s\u00e3o facilmente acess\u00edveis e explorados a p\u00e9. Lisboa \u00e9 um destino fant\u00e1stico e este apartamento oferece o conforto de um lugar tranquilo e agrad\u00e1vel para descansar e ainda estar no cora\u00e7\u00e3o da cidade. O apartamento fica no terceiro e \u00faltimo andar de uma casa muito bonita e consiste em uma espa\u00e7osa \u00e1rea de estar com cozinha bem equipada, mesa de jantar e sof\u00e1, um quarto de banho com cama de casal, um segundo banheiro, um loft com grandes janelas Velux, um pequeno sof\u00e1 embutido que pode ser usado como cama e outro quarto com duas camas de solteiro. Na cozinha, voc\u00ea encontra uma m\u00e1quina de lavar lou\u00e7a, microondas, forno, m\u00e1quina de lavar roupa, geladeira grande, freezer, muitas instala\u00e7\u00f5es de armazenamento. TV a cabo e internet sem fio. traduzido pelo Google<\/div>\n<\/div>\n<\/div>\n<\/div>\n<\/section>\n<\/div>\n<\/div>\n<div class=\"box accom_details\">\n<div class=\"box-content\">\n<section>\n<div>\n<div>\n<div dir=\"ltr\">\n<p class=\"_6z3til\">\n<\/div>\n<\/div>\n<\/div>\n<\/section>\n<p><a href=\"http:\/\/alentejoluminoso.com\/wp\/wp-content\/uploads\/2019\/09\/e5ec9caa-f606-42ee-893c-fed312a85b36.jpg\" rel=\"fancybox[1590]\"><img loading=\"lazy\" class=\"wp-image-1580 size-medium alignnone\" src=\"http:\/\/alentejoluminoso.com\/wp\/wp-content\/uploads\/2019\/09\/e5ec9caa-f606-42ee-893c-fed312a85b36-300x200.jpg\" alt=\"\" width=\"300\" height=\"200\" srcset=\"https:\/\/alentejoluminoso.com\/wp\/wp-content\/uploads\/2019\/09\/e5ec9caa-f606-42ee-893c-fed312a85b36-300x200.jpg 300w, https:\/\/alentejoluminoso.com\/wp\/wp-content\/uploads\/2019\/09\/e5ec9caa-f606-42ee-893c-fed312a85b36-768x512.jpg 768w, https:\/\/alentejoluminoso.com\/wp\/wp-content\/uploads\/2019\/09\/e5ec9caa-f606-42ee-893c-fed312a85b36-1024x683.jpg 1024w, https:\/\/alentejoluminoso.com\/wp\/wp-content\/uploads\/2019\/09\/e5ec9caa-f606-42ee-893c-fed312a85b36.jpg 1440w\" sizes=\"(max-width: 300px) 100vw, 300px\" \/><\/a><a href=\"http:\/\/alentejoluminoso.com\/wp\/wp-content\/uploads\/2019\/09\/c94660ff-5198-4aad-8549-3b4c00ba4b2f.jpg\" rel=\"fancybox[1590]\"><img loading=\"lazy\" class=\"wp-image-1579 size-medium alignnone\" src=\"http:\/\/alentejoluminoso.com\/wp\/wp-content\/uploads\/2019\/09\/c94660ff-5198-4aad-8549-3b4c00ba4b2f-300x200.jpg\" alt=\"\" width=\"300\" height=\"200\" srcset=\"https:\/\/alentejoluminoso.com\/wp\/wp-content\/uploads\/2019\/09\/c94660ff-5198-4aad-8549-3b4c00ba4b2f-300x200.jpg 300w, https:\/\/alentejoluminoso.com\/wp\/wp-content\/uploads\/2019\/09\/c94660ff-5198-4aad-8549-3b4c00ba4b2f-768x512.jpg 768w, https:\/\/alentejoluminoso.com\/wp\/wp-content\/uploads\/2019\/09\/c94660ff-5198-4aad-8549-3b4c00ba4b2f-1024x683.jpg 1024w, https:\/\/alentejoluminoso.com\/wp\/wp-content\/uploads\/2019\/09\/c94660ff-5198-4aad-8549-3b4c00ba4b2f.jpg 1440w\" sizes=\"(max-width: 300px) 100vw, 300px\" \/><\/a><\/p>\n<p>&nbsp;<\/p>\n<p><img loading=\"lazy\" class=\"wp-image-1575 size-medium alignnone\" style=\"line-height: 1.5;\" src=\"http:\/\/alentejoluminoso.com\/wp\/wp-content\/uploads\/2019\/09\/a0914e6a-ea72-420e-b51e-3443031c51bb-300x200.jpg\" alt=\"\" width=\"300\" height=\"200\" srcset=\"https:\/\/alentejoluminoso.com\/wp\/wp-content\/uploads\/2019\/09\/a0914e6a-ea72-420e-b51e-3443031c51bb-300x200.jpg 300w, https:\/\/alentejoluminoso.com\/wp\/wp-content\/uploads\/2019\/09\/a0914e6a-ea72-420e-b51e-3443031c51bb-768x512.jpg 768w, https:\/\/alentejoluminoso.com\/wp\/wp-content\/uploads\/2019\/09\/a0914e6a-ea72-420e-b51e-3443031c51bb-1024x683.jpg 1024w, https:\/\/alentejoluminoso.com\/wp\/wp-content\/uploads\/2019\/09\/a0914e6a-ea72-420e-b51e-3443031c51bb.jpg 1440w\" sizes=\"(max-width: 300px) 100vw, 300px\" \/><img loading=\"lazy\" class=\"wp-image-1578 size-medium alignnone\" src=\"http:\/\/alentejoluminoso.com\/wp\/wp-content\/uploads\/2019\/09\/c1e9f093-e1ed-420a-944c-2f0c48feb4a3-300x200.jpg\" alt=\"\" width=\"300\" height=\"200\" srcset=\"https:\/\/alentejoluminoso.com\/wp\/wp-content\/uploads\/2019\/09\/c1e9f093-e1ed-420a-944c-2f0c48feb4a3-300x200.jpg 300w, https:\/\/alentejoluminoso.com\/wp\/wp-content\/uploads\/2019\/09\/c1e9f093-e1ed-420a-944c-2f0c48feb4a3-768x512.jpg 768w, https:\/\/alentejoluminoso.com\/wp\/wp-content\/uploads\/2019\/09\/c1e9f093-e1ed-420a-944c-2f0c48feb4a3-1024x683.jpg 1024w, https:\/\/alentejoluminoso.com\/wp\/wp-content\/uploads\/2019\/09\/c1e9f093-e1ed-420a-944c-2f0c48feb4a3.jpg 1440w\" sizes=\"(max-width: 300px) 100vw, 300px\" \/><a href=\"http:\/\/alentejoluminoso.com\/wp\/wp-content\/uploads\/2019\/09\/aaf73670-530f-4bfb-94f0-bcdb01ea8fe1.jpg\" rel=\"fancybox[1590]\"><img loading=\"lazy\" class=\"wp-image-1576 size-medium alignnone\" style=\"line-height: 1.5;\" src=\"http:\/\/alentejoluminoso.com\/wp\/wp-content\/uploads\/2019\/09\/aaf73670-530f-4bfb-94f0-bcdb01ea8fe1-300x200.jpg\" alt=\"\" width=\"300\" height=\"200\" srcset=\"https:\/\/alentejoluminoso.com\/wp\/wp-content\/uploads\/2019\/09\/aaf73670-530f-4bfb-94f0-bcdb01ea8fe1-300x200.jpg 300w, https:\/\/alentejoluminoso.com\/wp\/wp-content\/uploads\/2019\/09\/aaf73670-530f-4bfb-94f0-bcdb01ea8fe1-768x512.jpg 768w, https:\/\/alentejoluminoso.com\/wp\/wp-content\/uploads\/2019\/09\/aaf73670-530f-4bfb-94f0-bcdb01ea8fe1-1024x683.jpg 1024w, https:\/\/alentejoluminoso.com\/wp\/wp-content\/uploads\/2019\/09\/aaf73670-530f-4bfb-94f0-bcdb01ea8fe1.jpg 1440w\" sizes=\"(max-width: 300px) 100vw, 300px\" \/><\/a><img loading=\"lazy\" class=\"size-medium wp-image-1565 alignnone\" style=\"line-height: 1.5;\" src=\"http:\/\/alentejoluminoso.com\/wp\/wp-content\/uploads\/2019\/09\/01e2ea44-d8b6-4462-ae13-50d7585fbbe5-300x200.jpg\" alt=\"\" width=\"300\" height=\"200\" srcset=\"https:\/\/alentejoluminoso.com\/wp\/wp-content\/uploads\/2019\/09\/01e2ea44-d8b6-4462-ae13-50d7585fbbe5-300x200.jpg 300w, https:\/\/alentejoluminoso.com\/wp\/wp-content\/uploads\/2019\/09\/01e2ea44-d8b6-4462-ae13-50d7585fbbe5-768x512.jpg 768w, https:\/\/alentejoluminoso.com\/wp\/wp-content\/uploads\/2019\/09\/01e2ea44-d8b6-4462-ae13-50d7585fbbe5-1024x683.jpg 1024w, https:\/\/alentejoluminoso.com\/wp\/wp-content\/uploads\/2019\/09\/01e2ea44-d8b6-4462-ae13-50d7585fbbe5.jpg 1440w\" sizes=\"(max-width: 300px) 100vw, 300px\" \/><a href=\"http:\/\/alentejoluminoso.com\/wp\/wp-content\/uploads\/2019\/09\/9c5fea11-e556-4dd8-9c48-a7f38df5aff7.jpg\" rel=\"fancybox[1590]\"><img loading=\"lazy\" class=\"size-medium wp-image-1569 alignnone\" src=\"http:\/\/alentejoluminoso.com\/wp\/wp-content\/uploads\/2019\/09\/9c5fea11-e556-4dd8-9c48-a7f38df5aff7-300x200.jpg\" alt=\"\" width=\"300\" height=\"200\" srcset=\"https:\/\/alentejoluminoso.com\/wp\/wp-content\/uploads\/2019\/09\/9c5fea11-e556-4dd8-9c48-a7f38df5aff7-300x200.jpg 300w, https:\/\/alentejoluminoso.com\/wp\/wp-content\/uploads\/2019\/09\/9c5fea11-e556-4dd8-9c48-a7f38df5aff7-768x512.jpg 768w, https:\/\/alentejoluminoso.com\/wp\/wp-content\/uploads\/2019\/09\/9c5fea11-e556-4dd8-9c48-a7f38df5aff7-1024x683.jpg 1024w, https:\/\/alentejoluminoso.com\/wp\/wp-content\/uploads\/2019\/09\/9c5fea11-e556-4dd8-9c48-a7f38df5aff7.jpg 1440w\" sizes=\"(max-width: 300px) 100vw, 300px\" \/><\/a><\/p>\n<div class=\"box accom_details\">\n<div class=\"box-content\">\n<p><span style=\"color: #33cccc;\"><strong>O que h\u00e1 nas proximidades<\/strong><\/span><\/p>\n<\/div>\n<\/div>\n<div>\n<div class=\"_czm8crp\">A casa de Heinz And Charlotte est\u00e1 localizada em Lisboa, Portugal.<\/div>\n<div><\/div>\n<div class=\"_czm8crp\">Mesmo em Alfama, a alguns cantos, nesses famosos becos e esquinas, voc\u00ea pode ouvir o fado tocando de uma janela, encontrar pequenos restaurantes e bares, pequenas lojas e muitos pr\u00e9dios bonitos. O bairro \u00e9 muito arrumado e preservado.<\/div>\n<\/div>\n<p><span style=\"color: #33cccc;\"><strong>Combine Alentejo Luminoso com algumas noites em Alfama Luminoso<\/strong><\/span><\/p>\n<p>Por que n\u00e3o reservar umas boas f\u00e9rias no Alentejo Luminoso combinadas com algumas noites em Lisboa para aproveitar ao m\u00e1ximo o sossego tranquilo e descontra\u00eddo do Alentejo para um relaxamento total e alguns dias explorando esta cidade fascinante! Este post tamb\u00e9m est\u00e1 dispon\u00edvel em: Ingl\u00eas (Portugal)<\/p>\n<\/div>\n<\/div>\n","protected":false},"excerpt":{"rendered":"<p>Alfama Luminoso Apartment Desfrute de uma estadia no centro hist\u00f3rico de Lisboa, com uma vista fant\u00e1stica sobre a cidade e o rio Tejo. Este lindo apartamento duplex foi completamente renovado. Destaca-se por suas vistas, brilho, grandes janelas, design inteligente e&#8230;&#8230;&#8230;&#8230;&#8230;..<\/p>\n","protected":false},"author":1,"featured_media":1573,"parent":0,"menu_order":0,"comment_status":"closed","ping_status":"closed","template":"","meta":[],"_links":{"self":[{"href":"https:\/\/alentejoluminoso.com\/pt-pt\/wp-json\/wp\/v2\/pages\/1590"}],"collection":[{"href":"https:\/\/alentejoluminoso.com\/pt-pt\/wp-json\/wp\/v2\/pages"}],"about":[{"href":"https:\/\/alentejoluminoso.com\/pt-pt\/wp-json\/wp\/v2\/types\/page"}],"author":[{"embeddable":true,"href":"https:\/\/alentejoluminoso.com\/pt-pt\/wp-json\/wp\/v2\/users\/1"}],"replies":[{"embeddable":true,"href":"https:\/\/alentejoluminoso.com\/pt-pt\/wp-json\/wp\/v2\/comments?post=1590"}],"version-history":[{"count":6,"href":"https:\/\/alentejoluminoso.com\/pt-pt\/wp-json\/wp\/v2\/pages\/1590\/revisions"}],"predecessor-version":[{"id":1653,"href":"https:\/\/alentejoluminoso.com\/pt-pt\/wp-json\/wp\/v2\/pages\/1590\/revisions\/1653"}],"wp:featuredmedia":[{"embeddable":true,"href":"https:\/\/alentejoluminoso.com\/pt-pt\/wp-json\/wp\/v2\/media\/1573"}],"wp:attachment":[{"href":"https:\/\/alentejoluminoso.com\/pt-pt\/wp-json\/wp\/v2\/media?parent=1590"}],"curies":[{"name":"wp","href":"https:\/\/api.w.org\/{rel}","templated":true}]}}