{"id":1506,"date":"2018-11-20T13:22:17","date_gmt":"2018-11-20T14:22:17","guid":{"rendered":"http:\/\/alentejoluminoso.com\/?page_id=1506\/"},"modified":"2018-12-13T15:42:18","modified_gmt":"2018-12-13T16:42:18","slug":"lisboa-apartement","status":"publish","type":"page","link":"https:\/\/alentejoluminoso.com\/pt-pt\/lisboa-apartement\/","title":{"rendered":"Lisboa Luminoso Apartamento"},"content":{"rendered":"<p>&nbsp;<\/p>\n<p><a href=\"http:\/\/alentejoluminoso.com\/wp\/wp-content\/uploads\/2018\/11\/1b98b086-24e7-40aa-8db0-7009fcca10b9.jpg\" rel=\"fancybox[1506]\"><img loading=\"lazy\" class=\"aligncenter size-medium wp-image-1452\" src=\"http:\/\/alentejoluminoso.com\/wp\/wp-content\/uploads\/2018\/11\/1b98b086-24e7-40aa-8db0-7009fcca10b9-300x200.jpg\" alt=\"\" width=\"300\" height=\"200\" srcset=\"https:\/\/alentejoluminoso.com\/wp\/wp-content\/uploads\/2018\/11\/1b98b086-24e7-40aa-8db0-7009fcca10b9-300x200.jpg 300w, https:\/\/alentejoluminoso.com\/wp\/wp-content\/uploads\/2018\/11\/1b98b086-24e7-40aa-8db0-7009fcca10b9-768x512.jpg 768w, https:\/\/alentejoluminoso.com\/wp\/wp-content\/uploads\/2018\/11\/1b98b086-24e7-40aa-8db0-7009fcca10b9-1024x683.jpg 1024w, https:\/\/alentejoluminoso.com\/wp\/wp-content\/uploads\/2018\/11\/1b98b086-24e7-40aa-8db0-7009fcca10b9.jpg 1440w\" sizes=\"(max-width: 300px) 100vw, 300px\" \/><\/a><\/p>\n<p><strong><span style=\"color: #33cccc;\">Lisboa Luminoso Apartamento<\/span><\/strong><\/p>\n<p>Desfrute de uma estadia no centro hist\u00f3rico de Lisboa com uma vista fant\u00e1stica sobre a cidade e o rio Tejo.<br \/>\nCompletamente renovado em 2017, o Lisboa Luminoso \u00e9 lindo, arejado e contempor\u00e2neo, com todos os confortos modernos que voc\u00ea poderia desejar para uma estadia confort\u00e1vel e relaxante. A rua est\u00e1 localizada no cora\u00e7\u00e3o de Lisboa, com f\u00e1cil acesso a in\u00fameras catedrais e ruas pitorescas, para n\u00e3o mencionar bares, boutiques e restaurantes. Lisboa \u00e9 um destino fant\u00e1stico e este \u00e9 um lugar ideal para a sua estadia.<\/p>\n<p>&nbsp;<\/p>\n<div class=\"box accom_details\">\n<div class=\"box-content\">\n<p><strong><a href=\"http:\/\/alentejoluminoso.com\/wp\/wp-content\/uploads\/2018\/11\/8835c984-76dd-46ec-8dc5-68fa52dfede7.jpg\" rel=\"fancybox[1506]\"><img loading=\"lazy\" class=\"size-medium wp-image-1460 alignnone\" src=\"http:\/\/alentejoluminoso.com\/wp\/wp-content\/uploads\/2018\/11\/8835c984-76dd-46ec-8dc5-68fa52dfede7-300x225.jpg\" alt=\"\" width=\"300\" height=\"225\" srcset=\"https:\/\/alentejoluminoso.com\/wp\/wp-content\/uploads\/2018\/11\/8835c984-76dd-46ec-8dc5-68fa52dfede7-300x225.jpg 300w, https:\/\/alentejoluminoso.com\/wp\/wp-content\/uploads\/2018\/11\/8835c984-76dd-46ec-8dc5-68fa52dfede7-768x576.jpg 768w, https:\/\/alentejoluminoso.com\/wp\/wp-content\/uploads\/2018\/11\/8835c984-76dd-46ec-8dc5-68fa52dfede7.jpg 911w\" sizes=\"(max-width: 300px) 100vw, 300px\" \/><\/a> <a href=\"http:\/\/alentejoluminoso.com\/wp\/wp-content\/uploads\/2018\/11\/a7ed0c1e-9bff-4fff-a817-ba5edec45012.jpg\" rel=\"fancybox[1506]\"><img loading=\"lazy\" class=\"size-medium wp-image-1455 alignnone\" src=\"http:\/\/alentejoluminoso.com\/wp\/wp-content\/uploads\/2018\/11\/a7ed0c1e-9bff-4fff-a817-ba5edec45012-300x224.jpg\" alt=\"\" width=\"300\" height=\"224\" srcset=\"https:\/\/alentejoluminoso.com\/wp\/wp-content\/uploads\/2018\/11\/a7ed0c1e-9bff-4fff-a817-ba5edec45012-300x224.jpg 300w, https:\/\/alentejoluminoso.com\/wp\/wp-content\/uploads\/2018\/11\/a7ed0c1e-9bff-4fff-a817-ba5edec45012-768x574.jpg 768w, https:\/\/alentejoluminoso.com\/wp\/wp-content\/uploads\/2018\/11\/a7ed0c1e-9bff-4fff-a817-ba5edec45012.jpg 914w\" sizes=\"(max-width: 300px) 100vw, 300px\" \/><\/a><\/strong><\/p>\n<p><strong><span style=\"color: #33cccc;\">Interior<\/span><\/strong><br \/>\nO est\u00fadio tem uma cama de casal, bem como uma cozinha compacta bem equipada, banheiro com chuveiro e m\u00e1quina de lavar roupa, tambem TV a cabo. Internet sem fio est\u00e1 inclu\u00eddo.<\/p>\n<p><a href=\"http:\/\/alentejoluminoso.com\/wp\/wp-content\/uploads\/2018\/11\/bc3e1cf8-b82e-4adf-aaf7-1521e1752226.jpg\" rel=\"fancybox[1506]\"><img loading=\"lazy\" class=\"size-medium wp-image-1459 alignnone\" src=\"http:\/\/alentejoluminoso.com\/wp\/wp-content\/uploads\/2018\/11\/bc3e1cf8-b82e-4adf-aaf7-1521e1752226-300x225.jpg\" alt=\"\" width=\"300\" height=\"225\" srcset=\"https:\/\/alentejoluminoso.com\/wp\/wp-content\/uploads\/2018\/11\/bc3e1cf8-b82e-4adf-aaf7-1521e1752226-300x225.jpg 300w, https:\/\/alentejoluminoso.com\/wp\/wp-content\/uploads\/2018\/11\/bc3e1cf8-b82e-4adf-aaf7-1521e1752226-768x576.jpg 768w, https:\/\/alentejoluminoso.com\/wp\/wp-content\/uploads\/2018\/11\/bc3e1cf8-b82e-4adf-aaf7-1521e1752226.jpg 911w\" sizes=\"(max-width: 300px) 100vw, 300px\" \/><\/a> <a href=\"http:\/\/alentejoluminoso.com\/wp\/wp-content\/uploads\/2018\/11\/460a802e-784e-4b56-8c3b-4961f85730c0.jpg\" rel=\"fancybox[1506]\"><img loading=\"lazy\" class=\"size-medium wp-image-1458 alignnone\" src=\"http:\/\/alentejoluminoso.com\/wp\/wp-content\/uploads\/2018\/11\/460a802e-784e-4b56-8c3b-4961f85730c0-300x225.jpg\" alt=\"\" width=\"300\" height=\"225\" srcset=\"https:\/\/alentejoluminoso.com\/wp\/wp-content\/uploads\/2018\/11\/460a802e-784e-4b56-8c3b-4961f85730c0-300x225.jpg 300w, https:\/\/alentejoluminoso.com\/wp\/wp-content\/uploads\/2018\/11\/460a802e-784e-4b56-8c3b-4961f85730c0-768x576.jpg 768w, https:\/\/alentejoluminoso.com\/wp\/wp-content\/uploads\/2018\/11\/460a802e-784e-4b56-8c3b-4961f85730c0.jpg 911w\" sizes=\"(max-width: 300px) 100vw, 300px\" \/><\/a><\/p>\n<p><strong><span style=\"color: #33cccc;\">Sentar-se fora<\/span><\/strong><\/p>\n<p>O apartamento tem um balc\u00e3o com cadeiras e vistas sensacionais.<\/p>\n<p><a href=\"http:\/\/alentejoluminoso.com\/wp\/wp-content\/uploads\/2018\/11\/bf4bf4c1-73a9-47de-bd39-c8033dd5d89f.jpg\" rel=\"fancybox[1506]\"><img loading=\"lazy\" class=\"size-medium wp-image-1454 alignnone\" src=\"http:\/\/alentejoluminoso.com\/wp\/wp-content\/uploads\/2018\/11\/bf4bf4c1-73a9-47de-bd39-c8033dd5d89f-300x225.jpg\" alt=\"\" width=\"300\" height=\"225\" srcset=\"https:\/\/alentejoluminoso.com\/wp\/wp-content\/uploads\/2018\/11\/bf4bf4c1-73a9-47de-bd39-c8033dd5d89f-300x225.jpg 300w, https:\/\/alentejoluminoso.com\/wp\/wp-content\/uploads\/2018\/11\/bf4bf4c1-73a9-47de-bd39-c8033dd5d89f-768x576.jpg 768w, https:\/\/alentejoluminoso.com\/wp\/wp-content\/uploads\/2018\/11\/bf4bf4c1-73a9-47de-bd39-c8033dd5d89f.jpg 911w\" sizes=\"(max-width: 300px) 100vw, 300px\" \/><\/a><a href=\"http:\/\/alentejoluminoso.com\/wp\/wp-content\/uploads\/2018\/11\/with-paintings-2-e1542723285773.jpg\" rel=\"fancybox[1506]\"><img loading=\"lazy\" class=\"size-medium wp-image-1498 alignnone\" src=\"http:\/\/alentejoluminoso.com\/wp\/wp-content\/uploads\/2018\/11\/with-paintings-2-e1542723285773-300x224.jpg\" alt=\"\" width=\"300\" height=\"224\" srcset=\"https:\/\/alentejoluminoso.com\/wp\/wp-content\/uploads\/2018\/11\/with-paintings-2-e1542723285773-300x224.jpg 300w, https:\/\/alentejoluminoso.com\/wp\/wp-content\/uploads\/2018\/11\/with-paintings-2-e1542723285773.jpg 640w\" sizes=\"(max-width: 300px) 100vw, 300px\" \/><\/a><a href=\"http:\/\/alentejoluminoso.com\/wp\/wp-content\/uploads\/2018\/11\/with-paintings-e1542723267962.jpg\" rel=\"fancybox[1506]\"><img loading=\"lazy\" class=\"size-medium wp-image-1497 alignnone\" src=\"http:\/\/alentejoluminoso.com\/wp\/wp-content\/uploads\/2018\/11\/with-paintings-e1542723267962-300x224.jpg\" alt=\"\" width=\"300\" height=\"224\" srcset=\"https:\/\/alentejoluminoso.com\/wp\/wp-content\/uploads\/2018\/11\/with-paintings-e1542723267962-300x224.jpg 300w, https:\/\/alentejoluminoso.com\/wp\/wp-content\/uploads\/2018\/11\/with-paintings-e1542723267962.jpg 640w\" sizes=\"(max-width: 300px) 100vw, 300px\" \/><\/a><\/p>\n<p>&nbsp;<\/p>\n<\/div>\n<\/div>\n<p><a href=\"http:\/\/alentejoluminoso.com\/wp\/wp-content\/uploads\/2018\/11\/961bd00b-596b-49d9-8116-f8f5885aec23.jpg\" rel=\"fancybox[1506]\"><img loading=\"lazy\" class=\"size-medium wp-image-1463 alignnone\" src=\"http:\/\/alentejoluminoso.com\/wp\/wp-content\/uploads\/2018\/11\/961bd00b-596b-49d9-8116-f8f5885aec23-225x300.jpg\" alt=\"\" width=\"225\" height=\"300\" srcset=\"https:\/\/alentejoluminoso.com\/wp\/wp-content\/uploads\/2018\/11\/961bd00b-596b-49d9-8116-f8f5885aec23-225x300.jpg 225w, https:\/\/alentejoluminoso.com\/wp\/wp-content\/uploads\/2018\/11\/961bd00b-596b-49d9-8116-f8f5885aec23.jpg 512w\" sizes=\"(max-width: 225px) 100vw, 225px\" \/><\/a> <a href=\"http:\/\/alentejoluminoso.com\/wp\/wp-content\/uploads\/2018\/11\/6bc8bf5b-a3ec-40ed-9bb0-ca53596f7154.jpg\" rel=\"fancybox[1506]\"><img loading=\"lazy\" class=\"size-medium wp-image-1464 alignnone\" src=\"http:\/\/alentejoluminoso.com\/wp\/wp-content\/uploads\/2018\/11\/6bc8bf5b-a3ec-40ed-9bb0-ca53596f7154-225x300.jpg\" alt=\"\" width=\"225\" height=\"300\" srcset=\"https:\/\/alentejoluminoso.com\/wp\/wp-content\/uploads\/2018\/11\/6bc8bf5b-a3ec-40ed-9bb0-ca53596f7154-225x300.jpg 225w, https:\/\/alentejoluminoso.com\/wp\/wp-content\/uploads\/2018\/11\/6bc8bf5b-a3ec-40ed-9bb0-ca53596f7154.jpg 512w\" sizes=\"(max-width: 225px) 100vw, 225px\" \/><\/a><\/p>\n<p><strong><span style=\"color: #33cccc;\">Alfama e mais<\/span> <\/strong><br \/>\nO Castelo de S\u00e3o Jorge, o Pante\u00e3o de Lisboa, a Igreja de Santa Engr\u00e1cia, a catedral e as ruas pitorescas de Alfama s\u00e3o muito pr\u00f3ximas. O famoso El\u00e9ctrico 28, que liga a Pra\u00e7a Martim Moniz (esta\u00e7\u00e3o de metro) a bairros populares como Gra\u00e7a, Alfama, Baixa, Estrela, p\u00e1ra apenas a 50 metros do apartamento. O Martim Moniz, a Pra\u00e7a do Rossio, o Elevador de Santa Justa, a Baixa, o Chiado, o Bairo Alto s\u00e3o facilmente acess\u00edveis e explorados a p\u00e9.<\/p>\n<p><strong><span style=\"color: #33cccc;\">Alentejo Luminoso mais algumas noites em Lisboa Luminoso<\/span><\/strong><\/p>\n<p>Por que n\u00e3o reservar um bom feriado no Alentejo Luminoso combinado com algumas noites em Lisboa!<\/p>\n<p>Assim vai fazer o melhor do tranquilo, relaxado Alentejo e dias a explorar esta cidade fascinante!<\/p>\n<p>&nbsp;<\/p>\n<p>&nbsp;<\/p>\n<p>&nbsp;<\/p>\n<header>\n<div class=\"_11qg6v7y\">\n<div class=\"_492uxj4\"><\/div>\n<\/div>\n<\/header>\n<section>\n<div>\n<section>\n<div>\n<div>\n<div>\n<div class=\"_ncwphzu\"><\/div>\n<div><\/div>\n<\/div>\n<\/div>\n<\/div>\n<\/section>\n<\/div>\n<div>\n<section>\n<div>\n<div>\n<div>\n<div><\/div>\n<\/div>\n<\/div>\n<\/div>\n<\/section>\n<\/div>\n<\/section>\n","protected":false},"excerpt":{"rendered":"<p>&nbsp; Lisboa Luminoso Apartamento Desfrute de uma estadia no centro hist\u00f3rico de Lisboa com uma vista fant\u00e1stica sobre a cidade e o rio Tejo. Completamente renovado em 2017, o Lisboa Luminoso \u00e9 lindo, arejado e contempor\u00e2neo, com todos os confortos&#8230;&#8230;&#8230;&#8230;&#8230;..<\/p>\n","protected":false},"author":1,"featured_media":1452,"parent":0,"menu_order":0,"comment_status":"closed","ping_status":"closed","template":"","meta":[],"_links":{"self":[{"href":"https:\/\/alentejoluminoso.com\/pt-pt\/wp-json\/wp\/v2\/pages\/1506"}],"collection":[{"href":"https:\/\/alentejoluminoso.com\/pt-pt\/wp-json\/wp\/v2\/pages"}],"about":[{"href":"https:\/\/alentejoluminoso.com\/pt-pt\/wp-json\/wp\/v2\/types\/page"}],"author":[{"embeddable":true,"href":"https:\/\/alentejoluminoso.com\/pt-pt\/wp-json\/wp\/v2\/users\/1"}],"replies":[{"embeddable":true,"href":"https:\/\/alentejoluminoso.com\/pt-pt\/wp-json\/wp\/v2\/comments?post=1506"}],"version-history":[{"count":2,"href":"https:\/\/alentejoluminoso.com\/pt-pt\/wp-json\/wp\/v2\/pages\/1506\/revisions"}],"predecessor-version":[{"id":1508,"href":"https:\/\/alentejoluminoso.com\/pt-pt\/wp-json\/wp\/v2\/pages\/1506\/revisions\/1508"}],"wp:featuredmedia":[{"embeddable":true,"href":"https:\/\/alentejoluminoso.com\/pt-pt\/wp-json\/wp\/v2\/media\/1452"}],"wp:attachment":[{"href":"https:\/\/alentejoluminoso.com\/pt-pt\/wp-json\/wp\/v2\/media?parent=1506"}],"curies":[{"name":"wp","href":"https:\/\/api.w.org\/{rel}","templated":true}]}}