{"id":1008,"date":"2014-07-24T19:31:18","date_gmt":"2014-07-24T19:31:18","guid":{"rendered":"http:\/\/alentejoluminoso.com\/wp\/?page_id=1008"},"modified":"2018-11-28T13:28:00","modified_gmt":"2018-11-28T14:28:00","slug":"terapia","status":"publish","type":"page","link":"https:\/\/alentejoluminoso.com\/pt-pt\/terapia\/","title":{"rendered":"Arte e Saude"},"content":{"rendered":"<h2><span style=\"color: #33cccc;\">\u00a0<\/span><\/h2>\n<p><a href=\"http:\/\/alentejoluminoso.com\/wp\/wp-content\/uploads\/2014\/06\/1605-selfportrait.jpg\" rel=\"fancybox[1008]\"><img loading=\"lazy\" class=\"aligncenter wp-image-1356 size-medium\" src=\"http:\/\/alentejoluminoso.com\/wp\/wp-content\/uploads\/2014\/06\/1605-selfportrait-300x298.jpg\" width=\"300\" height=\"298\" srcset=\"https:\/\/alentejoluminoso.com\/wp\/wp-content\/uploads\/2014\/06\/1605-selfportrait-300x298.jpg 300w, https:\/\/alentejoluminoso.com\/wp\/wp-content\/uploads\/2014\/06\/1605-selfportrait-150x150.jpg 150w, https:\/\/alentejoluminoso.com\/wp\/wp-content\/uploads\/2014\/06\/1605-selfportrait-768x764.jpg 768w, https:\/\/alentejoluminoso.com\/wp\/wp-content\/uploads\/2014\/06\/1605-selfportrait-1024x1018.jpg 1024w, https:\/\/alentejoluminoso.com\/wp\/wp-content\/uploads\/2014\/06\/1605-selfportrait-100x100.jpg 100w, https:\/\/alentejoluminoso.com\/wp\/wp-content\/uploads\/2014\/06\/1605-selfportrait.jpg 1634w\" sizes=\"(max-width: 300px) 100vw, 300px\" \/><\/a><a href=\"http:\/\/alentejoluminoso.com\/wp\/wp-content\/uploads\/2014\/06\/1609-Alentejo-in-Summer.jpg\" rel=\"fancybox[1008]\"><img loading=\"lazy\" class=\"aligncenter wp-image-1357 size-medium\" src=\"http:\/\/alentejoluminoso.com\/wp\/wp-content\/uploads\/2014\/06\/1609-Alentejo-in-Summer-300x252.jpg\" width=\"300\" height=\"252\" srcset=\"https:\/\/alentejoluminoso.com\/wp\/wp-content\/uploads\/2014\/06\/1609-Alentejo-in-Summer-300x252.jpg 300w, https:\/\/alentejoluminoso.com\/wp\/wp-content\/uploads\/2014\/06\/1609-Alentejo-in-Summer-768x645.jpg 768w, https:\/\/alentejoluminoso.com\/wp\/wp-content\/uploads\/2014\/06\/1609-Alentejo-in-Summer-1024x860.jpg 1024w, https:\/\/alentejoluminoso.com\/wp\/wp-content\/uploads\/2014\/06\/1609-Alentejo-in-Summer.jpg 2040w\" sizes=\"(max-width: 300px) 100vw, 300px\" \/><\/a><\/p>\n<p>Charlotte coloca seus anos de aprendizado e pr\u00e1tica de Kinesiology, The Work e outras terapias em uso, trabalhando com clientes no skype ou em sua pr\u00f3pria casa.<br \/>\nAlguns anos atr\u00e1s, um amigo-artista ensinou a Charlotte o b\u00e1sico e mais da pintura, foi assim que a paix\u00e3o come\u00e7ou. Enquanto isso, h\u00e1 um pequeno ateli\u00ea de madeira na propriedade, onde Charlotte passa muitas horas pintando e desenhando. Para ver mais das pinturas de Charlotte, acesse www.charlottepaintings.com<br \/>\nPor favor, entre em contato conosco para mais informa\u00e7\u00f5es, workshops, cursos ou compromissos.<\/p>\n<p>&nbsp;<\/p>\n<div class=\"paragraph Free_Form\" style=\"color: #3f3f3f;\"><\/div>\n<div class=\"paragraph Free_Form\" style=\"color: #3f3f3f;\"><\/div>\n<div class=\"paragraph Free_Form\" style=\"color: #3f3f3f;\"><\/div>\n","protected":false},"excerpt":{"rendered":"<p>\u00a0 Charlotte coloca seus anos de aprendizado e pr\u00e1tica de Kinesiology, The Work e outras terapias em uso, trabalhando com clientes no skype ou em sua pr\u00f3pria casa. Alguns anos atr\u00e1s, um amigo-artista ensinou a Charlotte o b\u00e1sico e mais&#8230;&#8230;&#8230;&#8230;&#8230;..<\/p>\n","protected":false},"author":1,"featured_media":0,"parent":0,"menu_order":0,"comment_status":"closed","ping_status":"closed","template":"","meta":[],"_links":{"self":[{"href":"https:\/\/alentejoluminoso.com\/pt-pt\/wp-json\/wp\/v2\/pages\/1008"}],"collection":[{"href":"https:\/\/alentejoluminoso.com\/pt-pt\/wp-json\/wp\/v2\/pages"}],"about":[{"href":"https:\/\/alentejoluminoso.com\/pt-pt\/wp-json\/wp\/v2\/types\/page"}],"author":[{"embeddable":true,"href":"https:\/\/alentejoluminoso.com\/pt-pt\/wp-json\/wp\/v2\/users\/1"}],"replies":[{"embeddable":true,"href":"https:\/\/alentejoluminoso.com\/pt-pt\/wp-json\/wp\/v2\/comments?post=1008"}],"version-history":[{"count":7,"href":"https:\/\/alentejoluminoso.com\/pt-pt\/wp-json\/wp\/v2\/pages\/1008\/revisions"}],"predecessor-version":[{"id":1525,"href":"https:\/\/alentejoluminoso.com\/pt-pt\/wp-json\/wp\/v2\/pages\/1008\/revisions\/1525"}],"wp:attachment":[{"href":"https:\/\/alentejoluminoso.com\/pt-pt\/wp-json\/wp\/v2\/media?parent=1008"}],"curies":[{"name":"wp","href":"https:\/\/api.w.org\/{rel}","templated":true}]}}