{"id":584,"date":"2014-07-02T17:59:07","date_gmt":"2014-07-02T17:59:07","guid":{"rendered":"http:\/\/alentejoluminoso.com\/wp\/?page_id=584"},"modified":"2019-10-08T13:13:45","modified_gmt":"2019-10-08T14:13:45","slug":"guest-house","status":"publish","type":"page","link":"https:\/\/alentejoluminoso.com\/de\/guest-house\/","title":{"rendered":"FERIENHAUS"},"content":{"rendered":"<p><a href=\"http:\/\/alentejoluminoso.com\/wp\/wp-content\/uploads\/2019\/10\/PORTUGAL2019-81.jpg\" rel=\"fancybox[584]\"><img loading=\"lazy\" class=\"wp-image-1615 size-medium alignnone\" src=\"http:\/\/alentejoluminoso.com\/wp\/wp-content\/uploads\/2019\/10\/PORTUGAL2019-81-300x188.jpg\" alt=\"\" width=\"300\" height=\"188\" srcset=\"https:\/\/alentejoluminoso.com\/wp\/wp-content\/uploads\/2019\/10\/PORTUGAL2019-81-300x188.jpg 300w, https:\/\/alentejoluminoso.com\/wp\/wp-content\/uploads\/2019\/10\/PORTUGAL2019-81-768x482.jpg 768w, https:\/\/alentejoluminoso.com\/wp\/wp-content\/uploads\/2019\/10\/PORTUGAL2019-81-1024x643.jpg 1024w\" sizes=\"(max-width: 300px) 100vw, 300px\" \/><\/a><a href=\"http:\/\/alentejoluminoso.com\/wp\/wp-content\/uploads\/2019\/10\/PORTUGAL2019-224.jpg\" rel=\"fancybox[584]\"><img loading=\"lazy\" class=\"wp-image-1618 size-medium alignnone\" src=\"http:\/\/alentejoluminoso.com\/wp\/wp-content\/uploads\/2019\/10\/PORTUGAL2019-224-300x161.jpg\" alt=\"\" width=\"300\" height=\"161\" srcset=\"https:\/\/alentejoluminoso.com\/wp\/wp-content\/uploads\/2019\/10\/PORTUGAL2019-224-300x161.jpg 300w, https:\/\/alentejoluminoso.com\/wp\/wp-content\/uploads\/2019\/10\/PORTUGAL2019-224-768x411.jpg 768w, https:\/\/alentejoluminoso.com\/wp\/wp-content\/uploads\/2019\/10\/PORTUGAL2019-224-1024x548.jpg 1024w\" sizes=\"(max-width: 300px) 100vw, 300px\" \/><\/a><\/p>\n<p>Das Ferienhaus ist im typischen Alentejo-Stil gebaut, mit hellem, grossz\u00fcgigem, offenen Wohnraum, Einbauk\u00fcche, zwei Schlafzimmer, plus zwei Badezimmer, eins davon en suite.\u00a0Glast\u00fcren f\u00fchren von allen R\u00e4umen auf die Terassen, mit Blick auf die Landschaft des Alentejo und den See.<\/p>\n<p>Strom und Warmwasser werden mit Solar- und Windenergie erzeugt . Zum Komfort geh\u00f6ren auch Annehmlichkeiten wie Bodenheizung, ein gem\u00fctlicher Kaminofen, eine gut eingerichtete K\u00fcche und zwei Badezimmer.<\/p>\n<p>In der weiten Landschaft ist der 8x4m Pool eingefasst, ein idealer Platz zum ausruhen und entspannen.<\/p>\n<p><a href=\"http:\/\/alentejoluminoso.com\/wp\/wp-content\/uploads\/2014\/07\/guest-house-img-4.png\" rel=\"fancybox[584]\"><img loading=\"lazy\" class=\"alignnone size-medium wp-image-580\" src=\"http:\/\/alentejoluminoso.com\/wp\/wp-content\/uploads\/2014\/07\/guest-house-img-4-300x187.png\" alt=\"guest-house-img-4\" width=\"300\" height=\"187\" srcset=\"https:\/\/alentejoluminoso.com\/wp\/wp-content\/uploads\/2014\/07\/guest-house-img-4-300x187.png 300w, https:\/\/alentejoluminoso.com\/wp\/wp-content\/uploads\/2014\/07\/guest-house-img-4.png 425w\" sizes=\"(max-width: 300px) 100vw, 300px\" \/><\/a><a href=\"http:\/\/alentejoluminoso.com\/wp\/wp-content\/uploads\/2014\/07\/to-do-5.png\" rel=\"fancybox[584]\"><img loading=\"lazy\" class=\"alignnone size-medium wp-image-862\" src=\"http:\/\/alentejoluminoso.com\/wp\/wp-content\/uploads\/2014\/07\/to-do-5-300x188.png\" alt=\"to-do-5\" width=\"300\" height=\"188\" srcset=\"https:\/\/alentejoluminoso.com\/wp\/wp-content\/uploads\/2014\/07\/to-do-5-300x188.png 300w, https:\/\/alentejoluminoso.com\/wp\/wp-content\/uploads\/2014\/07\/to-do-5.png 425w\" sizes=\"(max-width: 300px) 100vw, 300px\" \/><\/a><\/p>\n<p>Das Cottage ist der ideale Ausgangspunkt f\u00fcr erholsame Ferien. Hier gibt es Ruhe und Frieden, unverdorbene Aussicht, Landschaft im urspr\u00fcnglichsten Sinn, Erholung und Entspannung. Alles ist m\u00f6glich, vom Sonnenbaden zum Stillsitzen und Lesen, von romantischen Abendessen beim Pool, zu Picknicks am Tisch beim See, vom Schwimmen im Pool zum Tauchen im See. Man kann ausruhen, die Gegend erkunden, reiten, fahrradfahren\u2026 Der Sternenhimmel ist immens, da es keine Lichtverschmutzung gibt.<\/p>\n<p><a href=\"http:\/\/alentejoluminoso.com\/wp\/wp-content\/uploads\/2014\/07\/guest-house-img-3.png\" rel=\"fancybox[584]\"><img loading=\"lazy\" class=\"alignnone size-medium wp-image-577\" src=\"http:\/\/alentejoluminoso.com\/wp\/wp-content\/uploads\/2014\/07\/guest-house-img-3-300x187.png\" alt=\"guest-house-img-3\" width=\"300\" height=\"187\" srcset=\"https:\/\/alentejoluminoso.com\/wp\/wp-content\/uploads\/2014\/07\/guest-house-img-3-300x187.png 300w, https:\/\/alentejoluminoso.com\/wp\/wp-content\/uploads\/2014\/07\/guest-house-img-3.png 425w\" sizes=\"(max-width: 300px) 100vw, 300px\" \/><\/a><a href=\"http:\/\/alentejoluminoso.com\/wp\/wp-content\/uploads\/2014\/07\/guest-house-img-6.png\" rel=\"fancybox[584]\"><img loading=\"lazy\" class=\"alignnone size-medium wp-image-582\" src=\"http:\/\/alentejoluminoso.com\/wp\/wp-content\/uploads\/2014\/07\/guest-house-img-6-300x187.png\" alt=\"guest-house-img-6\" width=\"300\" height=\"187\" srcset=\"https:\/\/alentejoluminoso.com\/wp\/wp-content\/uploads\/2014\/07\/guest-house-img-6-300x187.png 300w, https:\/\/alentejoluminoso.com\/wp\/wp-content\/uploads\/2014\/07\/guest-house-img-6.png 425w\" sizes=\"(max-width: 300px) 100vw, 300px\" \/><\/a><\/p>\n<p>&nbsp;<\/p>\n","protected":false},"excerpt":{"rendered":"<p>Das Ferienhaus ist im typischen Alentejo-Stil gebaut, mit hellem, grossz\u00fcgigem, offenen Wohnraum, Einbauk\u00fcche, zwei Schlafzimmer, plus zwei Badezimmer, eins davon en suite.\u00a0Glast\u00fcren f\u00fchren von allen R\u00e4umen auf die Terassen, mit Blick auf die Landschaft des Alentejo und den See. Strom&#8230;&#8230;&#8230;&#8230;&#8230;..<\/p>\n","protected":false},"author":1,"featured_media":668,"parent":0,"menu_order":0,"comment_status":"closed","ping_status":"closed","template":"","meta":[],"_links":{"self":[{"href":"https:\/\/alentejoluminoso.com\/de\/wp-json\/wp\/v2\/pages\/584"}],"collection":[{"href":"https:\/\/alentejoluminoso.com\/de\/wp-json\/wp\/v2\/pages"}],"about":[{"href":"https:\/\/alentejoluminoso.com\/de\/wp-json\/wp\/v2\/types\/page"}],"author":[{"embeddable":true,"href":"https:\/\/alentejoluminoso.com\/de\/wp-json\/wp\/v2\/users\/1"}],"replies":[{"embeddable":true,"href":"https:\/\/alentejoluminoso.com\/de\/wp-json\/wp\/v2\/comments?post=584"}],"version-history":[{"count":12,"href":"https:\/\/alentejoluminoso.com\/de\/wp-json\/wp\/v2\/pages\/584\/revisions"}],"predecessor-version":[{"id":1624,"href":"https:\/\/alentejoluminoso.com\/de\/wp-json\/wp\/v2\/pages\/584\/revisions\/1624"}],"wp:featuredmedia":[{"embeddable":true,"href":"https:\/\/alentejoluminoso.com\/de\/wp-json\/wp\/v2\/media\/668"}],"wp:attachment":[{"href":"https:\/\/alentejoluminoso.com\/de\/wp-json\/wp\/v2\/media?parent=584"}],"curies":[{"name":"wp","href":"https:\/\/api.w.org\/{rel}","templated":true}]}}