{"id":473,"date":"2014-06-30T13:09:44","date_gmt":"2014-06-30T13:09:44","guid":{"rendered":"http:\/\/alentejoluminoso.com\/wp\/?page_id=473"},"modified":"2014-10-09T08:51:01","modified_gmt":"2014-10-09T09:51:01","slug":"about-alentejo","status":"publish","type":"page","link":"https:\/\/alentejoluminoso.com\/de\/about-alentejo\/","title":{"rendered":"UEBER DEN ALENTEJO"},"content":{"rendered":"<p><a href=\"http:\/\/alentejoluminoso.com\/wp\/wp-content\/uploads\/2014\/06\/about-img-1.png\" rel=\"fancybox[473]\"><img loading=\"lazy\" class=\"alignnone size-medium wp-image-682\" src=\"http:\/\/alentejoluminoso.com\/wp\/wp-content\/uploads\/2014\/06\/about-img-1-300x188.png\" alt=\"about-img-1\" width=\"300\" height=\"188\" srcset=\"https:\/\/alentejoluminoso.com\/wp\/wp-content\/uploads\/2014\/06\/about-img-1-300x188.png 300w, https:\/\/alentejoluminoso.com\/wp\/wp-content\/uploads\/2014\/06\/about-img-1.png 425w\" sizes=\"(max-width: 300px) 100vw, 300px\" \/><\/a> <a href=\"http:\/\/alentejoluminoso.com\/wp\/wp-content\/uploads\/2014\/06\/about-img-2.png\" rel=\"fancybox[473]\"><img loading=\"lazy\" class=\"alignnone size-medium wp-image-683\" src=\"http:\/\/alentejoluminoso.com\/wp\/wp-content\/uploads\/2014\/06\/about-img-2-300x188.png\" alt=\"about-img-2\" width=\"300\" height=\"188\" srcset=\"https:\/\/alentejoluminoso.com\/wp\/wp-content\/uploads\/2014\/06\/about-img-2-300x188.png 300w, https:\/\/alentejoluminoso.com\/wp\/wp-content\/uploads\/2014\/06\/about-img-2.png 425w\" sizes=\"(max-width: 300px) 100vw, 300px\" \/><\/a><\/p>\n<h1><\/h1>\n<p>Willkommen bei Heinz und Charlotte Wehrli im wundersch\u00f6nen Alentejo Luminoso in Portugal.<\/p>\n<p>Wir offerieren den idealen Ort f\u00fcr Ferien\u00a0in traditionell portugiesischer Umgebung, mit einer Vielzahl von M\u00f6glichkeiten wie G\u00e4stehaus, Reiterhof und Kinesiologie.<\/p>\n<p>Alentejo Luminoso: angrenzend an einen Stausee und Naturschutzgebiet findet man unser Zuhause,\u00a0eingebettet in die Landschaft des Alentejo.\u00a0Mit der herrlichen Aussicht, den sanften H\u00fcgeln, den alten Eichenb\u00e4umen, wird unser moderner \u00a0\u201eMonte\u201c (portugiesischer Hof) zu einem kleinen Paradies. Auf die 40 ha verteilt stehen das Haupthaus, ein G\u00e4stehaus, ein Schwimmbad und ein Stall f\u00fcr 5 Pferde.<\/p>\n<p>Das G\u00e4stehaus liegt mitten in der Landschaft des Alentejo, mit spektakul\u00e4rer Aussicht \u00fcber Felder, B\u00e4ume und den Stausee. Die wundersch\u00f6ne Aussicht auf diese Landschaft geniesst man vom ger\u00e4umigen, hellen Wohnzimmer mit K\u00fcche, Essecke und Kamin, den zwei Schlafzimmern und von den zwei Terrassen, die durch Glast\u00fcren von beiden Schlafzimmern und dem Wohnzimmer zu erreichen sind.<\/p>\n<h1><span style=\"color: #33cccc;\">Luminoso<\/span><\/h1>\n<p>Luminoso, der Name unserer Liegenschaft, bezieht sich auf die ausserordentliche Lichtqualit\u00e4t, die man in dieser Gegend Portugals findet. Weit entfernt von Abgasen und Verschmutzung vieler Teile Europas, sind die Millionen Sterne, die hier nachts leuchten, Zeugnis der faszinierenden\u00a0 Klarheit und Reinheit des Baixo Alentejo (unterer Alentejo)<\/p>\n<p>&nbsp;<\/p>\n<p><a href=\"http:\/\/alentejoluminoso.com\/wp\/wp-content\/uploads\/2014\/06\/to-do-1.png\" rel=\"fancybox[473]\"><img loading=\"lazy\" class=\"alignnone size-medium wp-image-852\" src=\"http:\/\/alentejoluminoso.com\/wp\/wp-content\/uploads\/2014\/06\/to-do-1-300x188.png\" alt=\"to-do-1\" width=\"300\" height=\"188\" srcset=\"https:\/\/alentejoluminoso.com\/wp\/wp-content\/uploads\/2014\/06\/to-do-1-300x188.png 300w, https:\/\/alentejoluminoso.com\/wp\/wp-content\/uploads\/2014\/06\/to-do-1.png 425w\" sizes=\"(max-width: 300px) 100vw, 300px\" \/><\/a><a href=\"http:\/\/alentejoluminoso.com\/wp\/wp-content\/uploads\/2014\/06\/about-img-51.png\" rel=\"fancybox[473]\"><img loading=\"lazy\" class=\"alignnone size-medium wp-image-856\" src=\"http:\/\/alentejoluminoso.com\/wp\/wp-content\/uploads\/2014\/06\/about-img-51-300x188.png\" alt=\"about-img-5\" width=\"300\" height=\"188\" srcset=\"https:\/\/alentejoluminoso.com\/wp\/wp-content\/uploads\/2014\/06\/about-img-51-300x188.png 300w, https:\/\/alentejoluminoso.com\/wp\/wp-content\/uploads\/2014\/06\/about-img-51.png 425w\" sizes=\"(max-width: 300px) 100vw, 300px\" \/><\/a><\/p>\n<p>Unser Grundst\u00fcck grenzt an den Stausee Barragem Monte da Rocha. Ein Teil des Landes steht unter Naturschutz: in den zahlreichen uralten Eichenb\u00e4umen, im und am Wasser, auf den Kr\u00e4uterwiesen und zwischen den Steinen, findet man zahlreiche Tiere wie seltene V\u00f6gel, Schildkr\u00f6ten und Wildschweine.<\/p>\n<p>Das Besondere an dieser Gegend ist,\u00a0dass sie eines der \u00e4ltesten Landwirtschaftsgebiete Portugals ist. Hier kann man den Sch\u00e4fer noch mit seiner Herde antreffen, die Bauern treiben ihre K\u00fche die schmalen Naturstrassen entlang, w\u00e4hrend viele D\u00f6rfer den Eindruck hinterlassen, aus einem vergangenen Jahrhundert zu stammen. Hektaren von leicht gewellten Ebenen beheimaten die ber\u00fchmten Kork\u2013 und Steineichen und dazwischen erstrecken sich endlose gr\u00fcne Felder, einst als der Brotkorb Europas bezeichnet, welche sich im Sommer in ein goldenes Braun verf\u00e4rben.<\/p>\n<p>&nbsp;<\/p>\n<h1><span style=\"color: #33cccc;\">Das schwarze Schwein des Alentejo<\/span><\/h1>\n<p>Das schwarze Schwein ist nicht nur eine lokale Delikatesse: man findet es in den besten Restaurants und Gourmet L\u00e4den in ganz Europa. In unserer Gegend leben diese Tiere in ihrer nat\u00fcrlichen Umgebung, frei herumwandernd und die zahllosen Eicheln fressend\u2014daraus gibt es sp\u00e4ter dann den ber\u00fchmten iberischen Rohschinken!<\/p>\n<p><a href=\"http:\/\/alentejoluminoso.com\/wp\/wp-content\/uploads\/2014\/06\/about-img-8.png\" rel=\"fancybox[473]\"><img loading=\"lazy\" class=\"alignnone size-medium wp-image-851\" src=\"http:\/\/alentejoluminoso.com\/wp\/wp-content\/uploads\/2014\/06\/about-img-8-300x188.png\" alt=\"about-img-8\" width=\"300\" height=\"188\" srcset=\"https:\/\/alentejoluminoso.com\/wp\/wp-content\/uploads\/2014\/06\/about-img-8-300x188.png 300w, https:\/\/alentejoluminoso.com\/wp\/wp-content\/uploads\/2014\/06\/about-img-8.png 425w\" sizes=\"(max-width: 300px) 100vw, 300px\" \/><\/a><\/p>\n","protected":false},"excerpt":{"rendered":"<p>Willkommen bei Heinz und Charlotte Wehrli im wundersch\u00f6nen Alentejo Luminoso in Portugal. Wir offerieren den idealen Ort f\u00fcr Ferien\u00a0in traditionell portugiesischer Umgebung, mit einer Vielzahl von M\u00f6glichkeiten wie G\u00e4stehaus, Reiterhof und Kinesiologie. Alentejo Luminoso: angrenzend an einen Stausee und Naturschutzgebiet&#8230;&#8230;&#8230;&#8230;&#8230;..<\/p>\n","protected":false},"author":1,"featured_media":542,"parent":0,"menu_order":0,"comment_status":"closed","ping_status":"closed","template":"","meta":[],"_links":{"self":[{"href":"https:\/\/alentejoluminoso.com\/de\/wp-json\/wp\/v2\/pages\/473"}],"collection":[{"href":"https:\/\/alentejoluminoso.com\/de\/wp-json\/wp\/v2\/pages"}],"about":[{"href":"https:\/\/alentejoluminoso.com\/de\/wp-json\/wp\/v2\/types\/page"}],"author":[{"embeddable":true,"href":"https:\/\/alentejoluminoso.com\/de\/wp-json\/wp\/v2\/users\/1"}],"replies":[{"embeddable":true,"href":"https:\/\/alentejoluminoso.com\/de\/wp-json\/wp\/v2\/comments?post=473"}],"version-history":[{"count":11,"href":"https:\/\/alentejoluminoso.com\/de\/wp-json\/wp\/v2\/pages\/473\/revisions"}],"predecessor-version":[{"id":1121,"href":"https:\/\/alentejoluminoso.com\/de\/wp-json\/wp\/v2\/pages\/473\/revisions\/1121"}],"wp:featuredmedia":[{"embeddable":true,"href":"https:\/\/alentejoluminoso.com\/de\/wp-json\/wp\/v2\/media\/542"}],"wp:attachment":[{"href":"https:\/\/alentejoluminoso.com\/de\/wp-json\/wp\/v2\/media?parent=473"}],"curies":[{"name":"wp","href":"https:\/\/api.w.org\/{rel}","templated":true}]}}