{"id":458,"date":"2014-06-28T15:30:34","date_gmt":"2014-06-28T16:30:34","guid":{"rendered":"http:\/\/alentejoluminoso.com\/wp\/?page_id=458"},"modified":"2019-11-17T16:13:12","modified_gmt":"2019-11-17T17:13:12","slug":"horse-for-sale","status":"publish","type":"page","link":"https:\/\/alentejoluminoso.com\/de\/horse-for-sale\/","title":{"rendered":"PFERDE"},"content":{"rendered":"<div class=\"paragraph Free_Form\" style=\"color: #a4a4a4;\">\n<p><a href=\"http:\/\/alentejoluminoso.com\/wp\/wp-content\/uploads\/2014\/06\/horses-img-4.png\" rel=\"fancybox[458]\"><img loading=\"lazy\" class=\"alignnone size-medium wp-image-822\" src=\"http:\/\/alentejoluminoso.com\/wp\/wp-content\/uploads\/2014\/06\/horses-img-4-300x188.png\" alt=\"horses-img-4\" width=\"300\" height=\"188\" srcset=\"https:\/\/alentejoluminoso.com\/wp\/wp-content\/uploads\/2014\/06\/horses-img-4-300x188.png 300w, https:\/\/alentejoluminoso.com\/wp\/wp-content\/uploads\/2014\/06\/horses-img-4.png 425w\" sizes=\"(max-width: 300px) 100vw, 300px\" \/><\/a><a href=\"http:\/\/alentejoluminoso.com\/wp\/wp-content\/uploads\/2014\/06\/horses-img-3.png\" rel=\"fancybox[458]\"><img loading=\"lazy\" class=\"alignnone size-medium wp-image-614\" src=\"http:\/\/alentejoluminoso.com\/wp\/wp-content\/uploads\/2014\/06\/horses-img-3-300x187.png\" alt=\"horses-img-3\" width=\"300\" height=\"187\" srcset=\"https:\/\/alentejoluminoso.com\/wp\/wp-content\/uploads\/2014\/06\/horses-img-3-300x187.png 300w, https:\/\/alentejoluminoso.com\/wp\/wp-content\/uploads\/2014\/06\/horses-img-3.png 425w\" sizes=\"(max-width: 300px) 100vw, 300px\" \/><\/a><\/p>\n<p><span lang=\"DE\" style=\"color: #000000;\">Auf dem 40 ha gro\u00dfen Grundst\u00fcck finden die Pferde viel gesundes Gras und Kr\u00e4uter, gro\u00dfe alte Eichen als Schattenspender und weite Weiden zum Herumlaufen und Spielen. Bei hei\u00dfem Wetter baden sie gern im See. In diesem angenehmen Klima k\u00f6nnen sie fast das ganze Jahr drau\u00dfen bleiben.<\/span><\/p>\n<\/div>\n<h2 class=\"paragraph Free_Form\" style=\"color: #a4a4a4;\"><\/h2>\n<h2 class=\"paragraph Free_Form\" style=\"color: #a4a4a4;\"><span style=\"color: #33cccc;\">Heinz \u00a0Wehrli\u00a0<\/span><\/h2>\n<div class=\"paragraph Free_Form\" style=\"color: #a4a4a4;\">\n<div class=\"paragraph Free_Form\" style=\"color: #3f3f3f;\">\n<p><span lang=\"DE\">Heinz Wehrli trainiert und schult seine Pferde, nachdem er viele Jahre lang im Sport als Vielseitigkeits- und Springreiter teilnahm. Er hat viel Erfahrung im Unterrichten aller Aspekte des Reitens, hat jahrelang in verschiedenen L\u00e4ndern unterrichtet und nimmt immer noch hie und da an Wettbewerben teil.<\/span><\/p>\n<p><a href=\"http:\/\/alentejoluminoso.com\/wp\/wp-content\/uploads\/2014\/06\/horses-img-5.png\" rel=\"fancybox[458]\"><img loading=\"lazy\" class=\"alignnone size-medium wp-image-823\" src=\"http:\/\/alentejoluminoso.com\/wp\/wp-content\/uploads\/2014\/06\/horses-img-5-300x188.png\" alt=\"horses-img-5\" width=\"300\" height=\"188\" srcset=\"https:\/\/alentejoluminoso.com\/wp\/wp-content\/uploads\/2014\/06\/horses-img-5-300x188.png 300w, https:\/\/alentejoluminoso.com\/wp\/wp-content\/uploads\/2014\/06\/horses-img-5.png 425w\" sizes=\"(max-width: 300px) 100vw, 300px\" \/><\/a><a href=\"http:\/\/alentejoluminoso.com\/wp\/wp-content\/uploads\/2014\/06\/horses-img-1.png\" rel=\"fancybox[458]\"><img loading=\"lazy\" class=\"alignnone size-medium wp-image-612\" src=\"http:\/\/alentejoluminoso.com\/wp\/wp-content\/uploads\/2014\/06\/horses-img-1-300x187.png\" alt=\"horses-img-1\" width=\"300\" height=\"187\" srcset=\"https:\/\/alentejoluminoso.com\/wp\/wp-content\/uploads\/2014\/06\/horses-img-1-300x187.png 300w, https:\/\/alentejoluminoso.com\/wp\/wp-content\/uploads\/2014\/06\/horses-img-1.png 425w\" sizes=\"(max-width: 300px) 100vw, 300px\" \/><\/a><\/p>\n<p><a href=\"http:\/\/alentejoluminoso.com\/wp\/wp-content\/uploads\/2014\/06\/horses-img-7.png\" rel=\"fancybox[458]\"><img loading=\"lazy\" class=\"alignnone size-medium wp-image-825\" src=\"http:\/\/alentejoluminoso.com\/wp\/wp-content\/uploads\/2014\/06\/horses-img-7-300x188.png\" alt=\"horses-img-7\" width=\"300\" height=\"188\" srcset=\"https:\/\/alentejoluminoso.com\/wp\/wp-content\/uploads\/2014\/06\/horses-img-7-300x188.png 300w, https:\/\/alentejoluminoso.com\/wp\/wp-content\/uploads\/2014\/06\/horses-img-7.png 425w\" sizes=\"(max-width: 300px) 100vw, 300px\" \/><\/a><a href=\"http:\/\/alentejoluminoso.com\/wp\/wp-content\/uploads\/2014\/06\/horses-img-8.png\" rel=\"fancybox[458]\"><img loading=\"lazy\" class=\"alignnone size-medium wp-image-824\" src=\"http:\/\/alentejoluminoso.com\/wp\/wp-content\/uploads\/2014\/06\/horses-img-8-300x188.png\" alt=\"horses-img-8\" width=\"300\" height=\"188\" srcset=\"https:\/\/alentejoluminoso.com\/wp\/wp-content\/uploads\/2014\/06\/horses-img-8-300x188.png 300w, https:\/\/alentejoluminoso.com\/wp\/wp-content\/uploads\/2014\/06\/horses-img-8.png 425w\" sizes=\"(max-width: 300px) 100vw, 300px\" \/><\/a><\/p>\n<p>&nbsp;<\/p>\n<\/div>\n<\/div>\n","protected":false},"excerpt":{"rendered":"<p>Auf dem 40 ha gro\u00dfen Grundst\u00fcck finden die Pferde viel gesundes Gras und Kr\u00e4uter, gro\u00dfe alte Eichen als Schattenspender und weite Weiden zum Herumlaufen und Spielen. Bei hei\u00dfem Wetter baden sie gern im See. In diesem angenehmen Klima k\u00f6nnen sie&#8230;&#8230;&#8230;&#8230;&#8230;..<\/p>\n","protected":false},"author":1,"featured_media":541,"parent":0,"menu_order":0,"comment_status":"closed","ping_status":"closed","template":"","meta":[],"_links":{"self":[{"href":"https:\/\/alentejoluminoso.com\/de\/wp-json\/wp\/v2\/pages\/458"}],"collection":[{"href":"https:\/\/alentejoluminoso.com\/de\/wp-json\/wp\/v2\/pages"}],"about":[{"href":"https:\/\/alentejoluminoso.com\/de\/wp-json\/wp\/v2\/types\/page"}],"author":[{"embeddable":true,"href":"https:\/\/alentejoluminoso.com\/de\/wp-json\/wp\/v2\/users\/1"}],"replies":[{"embeddable":true,"href":"https:\/\/alentejoluminoso.com\/de\/wp-json\/wp\/v2\/comments?post=458"}],"version-history":[{"count":19,"href":"https:\/\/alentejoluminoso.com\/de\/wp-json\/wp\/v2\/pages\/458\/revisions"}],"predecessor-version":[{"id":1646,"href":"https:\/\/alentejoluminoso.com\/de\/wp-json\/wp\/v2\/pages\/458\/revisions\/1646"}],"wp:featuredmedia":[{"embeddable":true,"href":"https:\/\/alentejoluminoso.com\/de\/wp-json\/wp\/v2\/media\/541"}],"wp:attachment":[{"href":"https:\/\/alentejoluminoso.com\/de\/wp-json\/wp\/v2\/media?parent=458"}],"curies":[{"name":"wp","href":"https:\/\/api.w.org\/{rel}","templated":true}]}}