{"id":1589,"date":"2019-09-11T14:54:58","date_gmt":"2019-09-11T15:54:58","guid":{"rendered":"http:\/\/alentejoluminoso.com\/?page_id=1589\/"},"modified":"2019-11-22T15:33:48","modified_gmt":"2019-11-22T16:33:48","slug":"alfama-luminosa","status":"publish","type":"page","link":"https:\/\/alentejoluminoso.com\/de\/alfama-luminosa\/","title":{"rendered":"ALFAMA LUMINOSA Lissabon"},"content":{"rendered":"<p><a href=\"http:\/\/alentejoluminoso.com\/wp\/wp-content\/uploads\/2019\/09\/6058aa52-dc83-4ffa-9e5c-be1cd18be3d4.jpg\" rel=\"fancybox[1589]\"><img loading=\"lazy\" class=\"wp-image-1573 size-medium aligncenter\" src=\"http:\/\/alentejoluminoso.com\/wp\/wp-content\/uploads\/2019\/09\/6058aa52-dc83-4ffa-9e5c-be1cd18be3d4-300x230.jpg\" alt=\"\" width=\"300\" height=\"230\" srcset=\"https:\/\/alentejoluminoso.com\/wp\/wp-content\/uploads\/2019\/09\/6058aa52-dc83-4ffa-9e5c-be1cd18be3d4-300x230.jpg 300w, https:\/\/alentejoluminoso.com\/wp\/wp-content\/uploads\/2019\/09\/6058aa52-dc83-4ffa-9e5c-be1cd18be3d4-768x588.jpg 768w, https:\/\/alentejoluminoso.com\/wp\/wp-content\/uploads\/2019\/09\/6058aa52-dc83-4ffa-9e5c-be1cd18be3d4-1024x785.jpg 1024w, https:\/\/alentejoluminoso.com\/wp\/wp-content\/uploads\/2019\/09\/6058aa52-dc83-4ffa-9e5c-be1cd18be3d4.jpg 1253w\" sizes=\"(max-width: 300px) 100vw, 300px\" \/><\/a><\/p>\n<p><strong><span style=\"color: #33cccc;\">Alfama Luminoso Apartment<\/span><\/strong><\/p>\n<div>\n<div dir=\"ltr\">\n<p class=\"_6z3til\">Genie\u00dfen Sie einen Aufenthalt im historischen Zentrum von Lissabon mit fantastischem Blick \u00fcber die Stadt und den Fluss Tejo. Diese sch\u00f6ne Maisonette-Wohnung wurde komplett renoviert. Es zeichnet sich durch Aussicht, Helligkeit, gro\u00dfe Fenster, cleveres Design und sorgf\u00e4ltig ausgew\u00e4hlte Ausstattung aus. Es liegt in einer kleinen ruhigen Stra\u00dfe, nur wenige Schritte von Caf\u00e9s, Restaurants und dem gesch\u00e4ftigen Leben des ber\u00fchmten Alfama entfernt.<\/p>\n<\/div>\n<\/div>\n<p><span style=\"color: #33cccc;\">More information about Alfama Luminoso Apartement<br \/>\n<\/span><\/p>\n<p><a href=\"http:\/\/alentejoluminoso.com\/wp\/wp-content\/uploads\/2019\/09\/8f814260-0a4f-49e4-bb2a-2d11ff76f018.jpg\" rel=\"fancybox[1589]\"><img loading=\"lazy\" class=\"size-medium wp-image-1568 alignnone\" src=\"http:\/\/alentejoluminoso.com\/wp\/wp-content\/uploads\/2019\/09\/8f814260-0a4f-49e4-bb2a-2d11ff76f018-300x200.jpg\" alt=\"\" width=\"300\" height=\"200\" srcset=\"https:\/\/alentejoluminoso.com\/wp\/wp-content\/uploads\/2019\/09\/8f814260-0a4f-49e4-bb2a-2d11ff76f018-300x200.jpg 300w, https:\/\/alentejoluminoso.com\/wp\/wp-content\/uploads\/2019\/09\/8f814260-0a4f-49e4-bb2a-2d11ff76f018-768x512.jpg 768w, https:\/\/alentejoluminoso.com\/wp\/wp-content\/uploads\/2019\/09\/8f814260-0a4f-49e4-bb2a-2d11ff76f018-1024x683.jpg 1024w, https:\/\/alentejoluminoso.com\/wp\/wp-content\/uploads\/2019\/09\/8f814260-0a4f-49e4-bb2a-2d11ff76f018.jpg 1440w\" sizes=\"(max-width: 300px) 100vw, 300px\" \/><\/a><img loading=\"lazy\" class=\"size-medium wp-image-1577 alignnone\" src=\"http:\/\/alentejoluminoso.com\/wp\/wp-content\/uploads\/2019\/09\/ab0100f4-1b2b-435e-b1e9-18ab07a817e2-300x200.jpg\" alt=\"\" width=\"300\" height=\"200\" srcset=\"https:\/\/alentejoluminoso.com\/wp\/wp-content\/uploads\/2019\/09\/ab0100f4-1b2b-435e-b1e9-18ab07a817e2-300x200.jpg 300w, https:\/\/alentejoluminoso.com\/wp\/wp-content\/uploads\/2019\/09\/ab0100f4-1b2b-435e-b1e9-18ab07a817e2-768x512.jpg 768w, https:\/\/alentejoluminoso.com\/wp\/wp-content\/uploads\/2019\/09\/ab0100f4-1b2b-435e-b1e9-18ab07a817e2-1024x683.jpg 1024w, https:\/\/alentejoluminoso.com\/wp\/wp-content\/uploads\/2019\/09\/ab0100f4-1b2b-435e-b1e9-18ab07a817e2.jpg 1440w\" sizes=\"(max-width: 300px) 100vw, 300px\" \/><\/p>\n<p><span style=\"color: #33cccc;\"><strong>Innnenausstattung<\/strong><\/span><\/p>\n<div class=\"box accom_details\">\n<div class=\"box-content\">\n<section>\n<div>\n<div class=\"_36rlri\">\n<div class=\"_36rlri\">\n<div class=\"_czm8crp\">&#8211; 5 G\u00e4ste \u00a0 \u00a0&#8211; 2 Schlafzimmer<\/div>\n<div class=\"_czm8crp\">&#8211; 3 Betten \u00a0&#8211; 2 Badezimmer<\/div>\n<div class=\"_czm8crp\">Die Wohnung befindet sich in der Mitte der malerischen Stra\u00dfen von Alfama, das Pantheon und der ber\u00fchmte Flohmarkt von S\u00e3o Vincente (dienstags und samstags) sind nur wenige Minuten entfernt. Die Kirche von S\u00e3o Vicente und das angrenzende alte Kloster sind einen Besuch wert. Nur 50 Meter entfernt k\u00f6nnen Sie mit der ber\u00fchmten Oldtimer-Stra\u00dfenbahn 28 fahren, die den Martim-Moniz-Platz (U-Bahn-Station) mit beliebten Stadtteilen wie Gra\u00e7a, Alfama, Baixa, Estrela verbindet. Martim Moniz, der Rossio-Platz, der Santa Justa-Aufzug, Baixa, Chiado und Bairo Alto sind ebenfalls bequem zu Fu\u00df zu erreichen und zu erkunden. Lissabon ist ein fantastisches Reiseziel und diese Wohnung bietet Ihnen den Komfort eines sch\u00f6nen, ruhigen Ortes, um sich auszuruhen und dennoch im Herzen der Stadt zu sein. Die Wohnung befindet sich im dritten und letzten Stock eines sehr h\u00fcbschen Hauses und besteht aus einem ger\u00e4umigen Wohnbereich mit einer gut ausgestatteten K\u00fcche, einem Esstisch und einer Sofaecke, einem Schlafzimmer mit eigenem Bad und einem Doppelbett, einem zweiten Badezimmer und einem Dachboden mit gro\u00dfen Velux-Fenstern, einer kleinen eingebauten Sofaecke, die als Bett genutzt werden kann, und einem weiteren Schlafzimmer mit zwei Einzelbetten. In der K\u00fcche finden Sie einen Geschirrsp\u00fcler, Mikrowelle, Backofen, Waschmaschine, gro\u00dfen K\u00fchlschrank, Gefrierschrank, viel Stauraum. Kabelfernsehen und drahtloses Internet. \u00fcbersetzt von Google<\/div>\n<\/div>\n<\/div>\n<\/div>\n<div>\n<div>\n<div dir=\"ltr\">\n<p class=\"_6z3til\">\n<\/div>\n<\/div>\n<\/div>\n<\/section>\n<p><a href=\"http:\/\/alentejoluminoso.com\/wp\/wp-content\/uploads\/2019\/09\/e5ec9caa-f606-42ee-893c-fed312a85b36.jpg\" rel=\"fancybox[1589]\"><img loading=\"lazy\" class=\"wp-image-1580 size-medium alignnone\" src=\"http:\/\/alentejoluminoso.com\/wp\/wp-content\/uploads\/2019\/09\/e5ec9caa-f606-42ee-893c-fed312a85b36-300x200.jpg\" alt=\"\" width=\"300\" height=\"200\" srcset=\"https:\/\/alentejoluminoso.com\/wp\/wp-content\/uploads\/2019\/09\/e5ec9caa-f606-42ee-893c-fed312a85b36-300x200.jpg 300w, https:\/\/alentejoluminoso.com\/wp\/wp-content\/uploads\/2019\/09\/e5ec9caa-f606-42ee-893c-fed312a85b36-768x512.jpg 768w, https:\/\/alentejoluminoso.com\/wp\/wp-content\/uploads\/2019\/09\/e5ec9caa-f606-42ee-893c-fed312a85b36-1024x683.jpg 1024w, https:\/\/alentejoluminoso.com\/wp\/wp-content\/uploads\/2019\/09\/e5ec9caa-f606-42ee-893c-fed312a85b36.jpg 1440w\" sizes=\"(max-width: 300px) 100vw, 300px\" \/><\/a><a href=\"http:\/\/alentejoluminoso.com\/wp\/wp-content\/uploads\/2019\/09\/c94660ff-5198-4aad-8549-3b4c00ba4b2f.jpg\" rel=\"fancybox[1589]\"><img loading=\"lazy\" class=\"wp-image-1579 size-medium alignnone\" src=\"http:\/\/alentejoluminoso.com\/wp\/wp-content\/uploads\/2019\/09\/c94660ff-5198-4aad-8549-3b4c00ba4b2f-300x200.jpg\" alt=\"\" width=\"300\" height=\"200\" srcset=\"https:\/\/alentejoluminoso.com\/wp\/wp-content\/uploads\/2019\/09\/c94660ff-5198-4aad-8549-3b4c00ba4b2f-300x200.jpg 300w, https:\/\/alentejoluminoso.com\/wp\/wp-content\/uploads\/2019\/09\/c94660ff-5198-4aad-8549-3b4c00ba4b2f-768x512.jpg 768w, https:\/\/alentejoluminoso.com\/wp\/wp-content\/uploads\/2019\/09\/c94660ff-5198-4aad-8549-3b4c00ba4b2f-1024x683.jpg 1024w, https:\/\/alentejoluminoso.com\/wp\/wp-content\/uploads\/2019\/09\/c94660ff-5198-4aad-8549-3b4c00ba4b2f.jpg 1440w\" sizes=\"(max-width: 300px) 100vw, 300px\" \/><\/a><\/p>\n<p>&nbsp;<\/p>\n<p><img loading=\"lazy\" class=\"wp-image-1575 size-medium alignnone\" style=\"line-height: 1.5;\" src=\"http:\/\/alentejoluminoso.com\/wp\/wp-content\/uploads\/2019\/09\/a0914e6a-ea72-420e-b51e-3443031c51bb-300x200.jpg\" alt=\"\" width=\"300\" height=\"200\" srcset=\"https:\/\/alentejoluminoso.com\/wp\/wp-content\/uploads\/2019\/09\/a0914e6a-ea72-420e-b51e-3443031c51bb-300x200.jpg 300w, https:\/\/alentejoluminoso.com\/wp\/wp-content\/uploads\/2019\/09\/a0914e6a-ea72-420e-b51e-3443031c51bb-768x512.jpg 768w, https:\/\/alentejoluminoso.com\/wp\/wp-content\/uploads\/2019\/09\/a0914e6a-ea72-420e-b51e-3443031c51bb-1024x683.jpg 1024w, https:\/\/alentejoluminoso.com\/wp\/wp-content\/uploads\/2019\/09\/a0914e6a-ea72-420e-b51e-3443031c51bb.jpg 1440w\" sizes=\"(max-width: 300px) 100vw, 300px\" \/><img loading=\"lazy\" class=\"wp-image-1578 size-medium alignnone\" src=\"http:\/\/alentejoluminoso.com\/wp\/wp-content\/uploads\/2019\/09\/c1e9f093-e1ed-420a-944c-2f0c48feb4a3-300x200.jpg\" alt=\"\" width=\"300\" height=\"200\" srcset=\"https:\/\/alentejoluminoso.com\/wp\/wp-content\/uploads\/2019\/09\/c1e9f093-e1ed-420a-944c-2f0c48feb4a3-300x200.jpg 300w, https:\/\/alentejoluminoso.com\/wp\/wp-content\/uploads\/2019\/09\/c1e9f093-e1ed-420a-944c-2f0c48feb4a3-768x512.jpg 768w, https:\/\/alentejoluminoso.com\/wp\/wp-content\/uploads\/2019\/09\/c1e9f093-e1ed-420a-944c-2f0c48feb4a3-1024x683.jpg 1024w, https:\/\/alentejoluminoso.com\/wp\/wp-content\/uploads\/2019\/09\/c1e9f093-e1ed-420a-944c-2f0c48feb4a3.jpg 1440w\" sizes=\"(max-width: 300px) 100vw, 300px\" \/><a href=\"http:\/\/alentejoluminoso.com\/wp\/wp-content\/uploads\/2019\/09\/aaf73670-530f-4bfb-94f0-bcdb01ea8fe1.jpg\" rel=\"fancybox[1589]\"><img loading=\"lazy\" class=\"wp-image-1576 size-medium alignnone\" style=\"line-height: 1.5;\" src=\"http:\/\/alentejoluminoso.com\/wp\/wp-content\/uploads\/2019\/09\/aaf73670-530f-4bfb-94f0-bcdb01ea8fe1-300x200.jpg\" alt=\"\" width=\"300\" height=\"200\" srcset=\"https:\/\/alentejoluminoso.com\/wp\/wp-content\/uploads\/2019\/09\/aaf73670-530f-4bfb-94f0-bcdb01ea8fe1-300x200.jpg 300w, https:\/\/alentejoluminoso.com\/wp\/wp-content\/uploads\/2019\/09\/aaf73670-530f-4bfb-94f0-bcdb01ea8fe1-768x512.jpg 768w, https:\/\/alentejoluminoso.com\/wp\/wp-content\/uploads\/2019\/09\/aaf73670-530f-4bfb-94f0-bcdb01ea8fe1-1024x683.jpg 1024w, https:\/\/alentejoluminoso.com\/wp\/wp-content\/uploads\/2019\/09\/aaf73670-530f-4bfb-94f0-bcdb01ea8fe1.jpg 1440w\" sizes=\"(max-width: 300px) 100vw, 300px\" \/><\/a><img loading=\"lazy\" class=\"size-medium wp-image-1565 alignnone\" style=\"line-height: 1.5;\" src=\"http:\/\/alentejoluminoso.com\/wp\/wp-content\/uploads\/2019\/09\/01e2ea44-d8b6-4462-ae13-50d7585fbbe5-300x200.jpg\" alt=\"\" width=\"300\" height=\"200\" srcset=\"https:\/\/alentejoluminoso.com\/wp\/wp-content\/uploads\/2019\/09\/01e2ea44-d8b6-4462-ae13-50d7585fbbe5-300x200.jpg 300w, https:\/\/alentejoluminoso.com\/wp\/wp-content\/uploads\/2019\/09\/01e2ea44-d8b6-4462-ae13-50d7585fbbe5-768x512.jpg 768w, https:\/\/alentejoluminoso.com\/wp\/wp-content\/uploads\/2019\/09\/01e2ea44-d8b6-4462-ae13-50d7585fbbe5-1024x683.jpg 1024w, https:\/\/alentejoluminoso.com\/wp\/wp-content\/uploads\/2019\/09\/01e2ea44-d8b6-4462-ae13-50d7585fbbe5.jpg 1440w\" sizes=\"(max-width: 300px) 100vw, 300px\" \/><a href=\"http:\/\/alentejoluminoso.com\/wp\/wp-content\/uploads\/2019\/09\/9c5fea11-e556-4dd8-9c48-a7f38df5aff7.jpg\" rel=\"fancybox[1589]\"><img loading=\"lazy\" class=\"size-medium wp-image-1569 alignnone\" src=\"http:\/\/alentejoluminoso.com\/wp\/wp-content\/uploads\/2019\/09\/9c5fea11-e556-4dd8-9c48-a7f38df5aff7-300x200.jpg\" alt=\"\" width=\"300\" height=\"200\" srcset=\"https:\/\/alentejoluminoso.com\/wp\/wp-content\/uploads\/2019\/09\/9c5fea11-e556-4dd8-9c48-a7f38df5aff7-300x200.jpg 300w, https:\/\/alentejoluminoso.com\/wp\/wp-content\/uploads\/2019\/09\/9c5fea11-e556-4dd8-9c48-a7f38df5aff7-768x512.jpg 768w, https:\/\/alentejoluminoso.com\/wp\/wp-content\/uploads\/2019\/09\/9c5fea11-e556-4dd8-9c48-a7f38df5aff7-1024x683.jpg 1024w, https:\/\/alentejoluminoso.com\/wp\/wp-content\/uploads\/2019\/09\/9c5fea11-e556-4dd8-9c48-a7f38df5aff7.jpg 1440w\" sizes=\"(max-width: 300px) 100vw, 300px\" \/><\/a><\/p>\n<p><span style=\"color: #33cccc;\"><strong>Tolle Umgebung<\/strong><\/span><\/p>\n<\/div>\n<\/div>\n<div>\n<div class=\"_czm8crp\">Heinz und Charlottes Wohnung befindet sich in Lisboa, Portugal.<\/div>\n<div><\/div>\n<div class=\"_czm8crp\">Direkt in Alfama, ein paar Ecken entfernt, in diesen ber\u00fchmten kleinen Gassen und Ecken, k\u00f6nnen Sie Fado aus einem Fenster spielen h\u00f6ren, einzigartige kleine Restaurants und Bars, kleine L\u00e4den und viele sch\u00f6ne Geb\u00e4ude finden. Die Nachbarschaft ist sehr ordentlich und unber\u00fchrt.<\/div>\n<\/div>\n<p><span style=\"color: #33cccc;\"><strong>Kombinieren Sie Alentejo Luminoso mit Lisboa Luminoso<\/strong><\/span><\/p>\n<p>Buchen Sie einen sch\u00f6nen Urlaub im Alentejo Luminoso und verbringen Sie ein paar N\u00e4chte in Lissabon, um das Beste aus dem ruhigen und entspannten Alentejo zu machen und sich zu entspannen und einige Tage in dieser faszinierenden Stadt zu verbringen.<\/p>\n","protected":false},"excerpt":{"rendered":"<p>Alfama Luminoso Apartment Genie\u00dfen Sie einen Aufenthalt im historischen Zentrum von Lissabon mit fantastischem Blick \u00fcber die Stadt und den Fluss Tejo. Diese sch\u00f6ne Maisonette-Wohnung wurde komplett renoviert. Es zeichnet sich durch Aussicht, Helligkeit, gro\u00dfe Fenster, cleveres Design und sorgf\u00e4ltig&#8230;&#8230;&#8230;&#8230;&#8230;..<\/p>\n","protected":false},"author":1,"featured_media":1573,"parent":0,"menu_order":0,"comment_status":"closed","ping_status":"closed","template":"","meta":[],"_links":{"self":[{"href":"https:\/\/alentejoluminoso.com\/de\/wp-json\/wp\/v2\/pages\/1589"}],"collection":[{"href":"https:\/\/alentejoluminoso.com\/de\/wp-json\/wp\/v2\/pages"}],"about":[{"href":"https:\/\/alentejoluminoso.com\/de\/wp-json\/wp\/v2\/types\/page"}],"author":[{"embeddable":true,"href":"https:\/\/alentejoluminoso.com\/de\/wp-json\/wp\/v2\/users\/1"}],"replies":[{"embeddable":true,"href":"https:\/\/alentejoluminoso.com\/de\/wp-json\/wp\/v2\/comments?post=1589"}],"version-history":[{"count":4,"href":"https:\/\/alentejoluminoso.com\/de\/wp-json\/wp\/v2\/pages\/1589\/revisions"}],"predecessor-version":[{"id":1606,"href":"https:\/\/alentejoluminoso.com\/de\/wp-json\/wp\/v2\/pages\/1589\/revisions\/1606"}],"wp:featuredmedia":[{"embeddable":true,"href":"https:\/\/alentejoluminoso.com\/de\/wp-json\/wp\/v2\/media\/1573"}],"wp:attachment":[{"href":"https:\/\/alentejoluminoso.com\/de\/wp-json\/wp\/v2\/media?parent=1589"}],"curies":[{"name":"wp","href":"https:\/\/api.w.org\/{rel}","templated":true}]}}