{"id":1500,"date":"2018-11-20T13:13:56","date_gmt":"2018-11-20T14:13:56","guid":{"rendered":"http:\/\/alentejoluminoso.com\/?page_id=1500\/"},"modified":"2018-12-13T15:41:47","modified_gmt":"2018-12-13T16:41:47","slug":"lisboa-apartement","status":"publish","type":"page","link":"https:\/\/alentejoluminoso.com\/de\/lisboa-apartement\/","title":{"rendered":"Lissabon Luminoso"},"content":{"rendered":"<p>&nbsp;<\/p>\n<p><a href=\"http:\/\/alentejoluminoso.com\/wp\/wp-content\/uploads\/2018\/11\/1b98b086-24e7-40aa-8db0-7009fcca10b9.jpg\" rel=\"fancybox[1500]\"><img loading=\"lazy\" class=\"aligncenter size-medium wp-image-1452\" src=\"http:\/\/alentejoluminoso.com\/wp\/wp-content\/uploads\/2018\/11\/1b98b086-24e7-40aa-8db0-7009fcca10b9-300x200.jpg\" alt=\"\" width=\"300\" height=\"200\" srcset=\"https:\/\/alentejoluminoso.com\/wp\/wp-content\/uploads\/2018\/11\/1b98b086-24e7-40aa-8db0-7009fcca10b9-300x200.jpg 300w, https:\/\/alentejoluminoso.com\/wp\/wp-content\/uploads\/2018\/11\/1b98b086-24e7-40aa-8db0-7009fcca10b9-768x512.jpg 768w, https:\/\/alentejoluminoso.com\/wp\/wp-content\/uploads\/2018\/11\/1b98b086-24e7-40aa-8db0-7009fcca10b9-1024x683.jpg 1024w, https:\/\/alentejoluminoso.com\/wp\/wp-content\/uploads\/2018\/11\/1b98b086-24e7-40aa-8db0-7009fcca10b9.jpg 1440w\" sizes=\"(max-width: 300px) 100vw, 300px\" \/><\/a><\/p>\n<p><span style=\"color: #33cccc;\">Lisboa Luminoso Apartment<\/span><\/p>\n<p>Genie\u00dfen Sie einen Aufenthalt im historischen Zentrum von Lissabon mit einem fantastischen Blick \u00fcber den Tejo und die Stadt.<\/p>\n<p>Das im Jahr 2017 komplett renovierte Lisboa Luminoso ist wundersch\u00f6n hell, luftig und modern und bietet alle Annehmlichkeiten, die Sie f\u00fcr einen komfortablen und erholsamen Aufenthalt ben\u00f6tigen. Die Stra\u00dfe, in der sich das Apartment befindet, ist h\u00fcbsch und ruhig und die vielen<\/p>\n<div class=\"box accom_details\">\n<div class=\"box-content\">\n<p><strong><a href=\"http:\/\/alentejoluminoso.com\/wp\/wp-content\/uploads\/2018\/11\/8835c984-76dd-46ec-8dc5-68fa52dfede7.jpg\" rel=\"fancybox[1500]\"><img loading=\"lazy\" class=\"size-medium wp-image-1460 alignnone\" src=\"http:\/\/alentejoluminoso.com\/wp\/wp-content\/uploads\/2018\/11\/8835c984-76dd-46ec-8dc5-68fa52dfede7-300x225.jpg\" alt=\"\" width=\"300\" height=\"225\" srcset=\"https:\/\/alentejoluminoso.com\/wp\/wp-content\/uploads\/2018\/11\/8835c984-76dd-46ec-8dc5-68fa52dfede7-300x225.jpg 300w, https:\/\/alentejoluminoso.com\/wp\/wp-content\/uploads\/2018\/11\/8835c984-76dd-46ec-8dc5-68fa52dfede7-768x576.jpg 768w, https:\/\/alentejoluminoso.com\/wp\/wp-content\/uploads\/2018\/11\/8835c984-76dd-46ec-8dc5-68fa52dfede7.jpg 911w\" sizes=\"(max-width: 300px) 100vw, 300px\" \/><\/a> <a href=\"http:\/\/alentejoluminoso.com\/wp\/wp-content\/uploads\/2018\/11\/a7ed0c1e-9bff-4fff-a817-ba5edec45012.jpg\" rel=\"fancybox[1500]\"><img loading=\"lazy\" class=\"size-medium wp-image-1455 alignnone\" src=\"http:\/\/alentejoluminoso.com\/wp\/wp-content\/uploads\/2018\/11\/a7ed0c1e-9bff-4fff-a817-ba5edec45012-300x224.jpg\" alt=\"\" width=\"300\" height=\"224\" srcset=\"https:\/\/alentejoluminoso.com\/wp\/wp-content\/uploads\/2018\/11\/a7ed0c1e-9bff-4fff-a817-ba5edec45012-300x224.jpg 300w, https:\/\/alentejoluminoso.com\/wp\/wp-content\/uploads\/2018\/11\/a7ed0c1e-9bff-4fff-a817-ba5edec45012-768x574.jpg 768w, https:\/\/alentejoluminoso.com\/wp\/wp-content\/uploads\/2018\/11\/a7ed0c1e-9bff-4fff-a817-ba5edec45012.jpg 914w\" sizes=\"(max-width: 300px) 100vw, 300px\" \/><\/a><\/strong><\/p>\n<p><strong><span style=\"color: #33cccc;\">Innnenausstattung<\/span><\/strong><\/p>\n<p>Das Studio verf\u00fcgt \u00fcber ein Doppelbett sowie eine gut ausgestattete K\u00fcche, ein Bad mit Dusche, eine Waschmaschine und Kabel-TV. WLAN ist inbegriffen.<\/p>\n<p><a href=\"http:\/\/alentejoluminoso.com\/wp\/wp-content\/uploads\/2018\/11\/bc3e1cf8-b82e-4adf-aaf7-1521e1752226.jpg\" rel=\"fancybox[1500]\"><img loading=\"lazy\" class=\"size-medium wp-image-1459 alignnone\" src=\"http:\/\/alentejoluminoso.com\/wp\/wp-content\/uploads\/2018\/11\/bc3e1cf8-b82e-4adf-aaf7-1521e1752226-300x225.jpg\" alt=\"\" width=\"300\" height=\"225\" srcset=\"https:\/\/alentejoluminoso.com\/wp\/wp-content\/uploads\/2018\/11\/bc3e1cf8-b82e-4adf-aaf7-1521e1752226-300x225.jpg 300w, https:\/\/alentejoluminoso.com\/wp\/wp-content\/uploads\/2018\/11\/bc3e1cf8-b82e-4adf-aaf7-1521e1752226-768x576.jpg 768w, https:\/\/alentejoluminoso.com\/wp\/wp-content\/uploads\/2018\/11\/bc3e1cf8-b82e-4adf-aaf7-1521e1752226.jpg 911w\" sizes=\"(max-width: 300px) 100vw, 300px\" \/><\/a> <a href=\"http:\/\/alentejoluminoso.com\/wp\/wp-content\/uploads\/2018\/11\/460a802e-784e-4b56-8c3b-4961f85730c0.jpg\" rel=\"fancybox[1500]\"><img loading=\"lazy\" class=\"size-medium wp-image-1458 alignnone\" src=\"http:\/\/alentejoluminoso.com\/wp\/wp-content\/uploads\/2018\/11\/460a802e-784e-4b56-8c3b-4961f85730c0-300x225.jpg\" alt=\"\" width=\"300\" height=\"225\" srcset=\"https:\/\/alentejoluminoso.com\/wp\/wp-content\/uploads\/2018\/11\/460a802e-784e-4b56-8c3b-4961f85730c0-300x225.jpg 300w, https:\/\/alentejoluminoso.com\/wp\/wp-content\/uploads\/2018\/11\/460a802e-784e-4b56-8c3b-4961f85730c0-768x576.jpg 768w, https:\/\/alentejoluminoso.com\/wp\/wp-content\/uploads\/2018\/11\/460a802e-784e-4b56-8c3b-4961f85730c0.jpg 911w\" sizes=\"(max-width: 300px) 100vw, 300px\" \/><\/a><\/p>\n<p><strong><span style=\"color: #33cccc;\">Draussen sitzen<\/span><\/strong><\/p>\n<p>Das Apartment verf\u00fcgt \u00fcber einen Balkon mit Sitzgelegenheiten und einer sensationellen Aussicht.<\/p>\n<p><a href=\"http:\/\/alentejoluminoso.com\/wp\/wp-content\/uploads\/2018\/11\/bf4bf4c1-73a9-47de-bd39-c8033dd5d89f.jpg\" rel=\"fancybox[1500]\"><img loading=\"lazy\" class=\"size-medium wp-image-1454 alignnone\" src=\"http:\/\/alentejoluminoso.com\/wp\/wp-content\/uploads\/2018\/11\/bf4bf4c1-73a9-47de-bd39-c8033dd5d89f-300x225.jpg\" alt=\"\" width=\"300\" height=\"225\" srcset=\"https:\/\/alentejoluminoso.com\/wp\/wp-content\/uploads\/2018\/11\/bf4bf4c1-73a9-47de-bd39-c8033dd5d89f-300x225.jpg 300w, https:\/\/alentejoluminoso.com\/wp\/wp-content\/uploads\/2018\/11\/bf4bf4c1-73a9-47de-bd39-c8033dd5d89f-768x576.jpg 768w, https:\/\/alentejoluminoso.com\/wp\/wp-content\/uploads\/2018\/11\/bf4bf4c1-73a9-47de-bd39-c8033dd5d89f.jpg 911w\" sizes=\"(max-width: 300px) 100vw, 300px\" \/><\/a><a href=\"http:\/\/alentejoluminoso.com\/wp\/wp-content\/uploads\/2018\/11\/with-paintings-2-e1542723285773.jpg\" rel=\"fancybox[1500]\"><img loading=\"lazy\" class=\"size-medium wp-image-1498 alignnone\" src=\"http:\/\/alentejoluminoso.com\/wp\/wp-content\/uploads\/2018\/11\/with-paintings-2-e1542723285773-300x224.jpg\" alt=\"\" width=\"300\" height=\"224\" srcset=\"https:\/\/alentejoluminoso.com\/wp\/wp-content\/uploads\/2018\/11\/with-paintings-2-e1542723285773-300x224.jpg 300w, https:\/\/alentejoluminoso.com\/wp\/wp-content\/uploads\/2018\/11\/with-paintings-2-e1542723285773.jpg 640w\" sizes=\"(max-width: 300px) 100vw, 300px\" \/><\/a><a href=\"http:\/\/alentejoluminoso.com\/wp\/wp-content\/uploads\/2018\/11\/with-paintings-e1542723267962.jpg\" rel=\"fancybox[1500]\"><img loading=\"lazy\" class=\"size-medium wp-image-1497 alignnone\" src=\"http:\/\/alentejoluminoso.com\/wp\/wp-content\/uploads\/2018\/11\/with-paintings-e1542723267962-300x224.jpg\" alt=\"\" width=\"300\" height=\"224\" srcset=\"https:\/\/alentejoluminoso.com\/wp\/wp-content\/uploads\/2018\/11\/with-paintings-e1542723267962-300x224.jpg 300w, https:\/\/alentejoluminoso.com\/wp\/wp-content\/uploads\/2018\/11\/with-paintings-e1542723267962.jpg 640w\" sizes=\"(max-width: 300px) 100vw, 300px\" \/><\/a><\/p>\n<p>&nbsp;<\/p>\n<\/div>\n<\/div>\n<p><a href=\"http:\/\/alentejoluminoso.com\/wp\/wp-content\/uploads\/2018\/11\/961bd00b-596b-49d9-8116-f8f5885aec23.jpg\" rel=\"fancybox[1500]\"><img loading=\"lazy\" class=\"size-medium wp-image-1463 alignnone\" src=\"http:\/\/alentejoluminoso.com\/wp\/wp-content\/uploads\/2018\/11\/961bd00b-596b-49d9-8116-f8f5885aec23-225x300.jpg\" alt=\"\" width=\"225\" height=\"300\" srcset=\"https:\/\/alentejoluminoso.com\/wp\/wp-content\/uploads\/2018\/11\/961bd00b-596b-49d9-8116-f8f5885aec23-225x300.jpg 225w, https:\/\/alentejoluminoso.com\/wp\/wp-content\/uploads\/2018\/11\/961bd00b-596b-49d9-8116-f8f5885aec23.jpg 512w\" sizes=\"(max-width: 225px) 100vw, 225px\" \/><\/a> <a href=\"http:\/\/alentejoluminoso.com\/wp\/wp-content\/uploads\/2018\/11\/6bc8bf5b-a3ec-40ed-9bb0-ca53596f7154.jpg\" rel=\"fancybox[1500]\"><img loading=\"lazy\" class=\"size-medium wp-image-1464 alignnone\" src=\"http:\/\/alentejoluminoso.com\/wp\/wp-content\/uploads\/2018\/11\/6bc8bf5b-a3ec-40ed-9bb0-ca53596f7154-225x300.jpg\" alt=\"\" width=\"225\" height=\"300\" srcset=\"https:\/\/alentejoluminoso.com\/wp\/wp-content\/uploads\/2018\/11\/6bc8bf5b-a3ec-40ed-9bb0-ca53596f7154-225x300.jpg 225w, https:\/\/alentejoluminoso.com\/wp\/wp-content\/uploads\/2018\/11\/6bc8bf5b-a3ec-40ed-9bb0-ca53596f7154.jpg 512w\" sizes=\"(max-width: 225px) 100vw, 225px\" \/><\/a><\/p>\n<p><strong><span style=\"color: #33cccc;\">Tolle Umgebung<\/span><\/strong><br \/>\nDas Schloss S\u00e3o Jorge, das Pantheon von Lissabon, die Kirche Santa Engr\u00e1cia, die Kathedrale und die malerischen Stra\u00dfen von Alfama liegen in unmittelbarer N\u00e4he. Die ber\u00fchmte Oldtimer-Tram 28, die den Martim Moniz-Platz (U-Bahnstation) mit beliebten Stadtteilen wie Gra\u00e7a, Alfama, Baixa und Estrela verbindet, h\u00e4lt nur 50 m vom Apartment entfernt. Martim Moniz, Rossio-Platz, Santa Justa-Aufzug, Baixa, Chiado, Bairo Alto sind bequem zu Fu\u00df erreichbar.<\/p>\n<p>&nbsp;<\/p>\n<p><strong><span style=\"color: #33cccc;\">Kombinieren Sie Alentejo Luminoso mit Lisboa Luminoso<\/span><\/strong><\/p>\n<p>Warum nicht einen sch\u00f6nen Urlaub im Alentejo mit ein paar N\u00e4chten in Lissabon kombinieren, um sich im ruhigen, erholsamen Alentejo zu entspannen und einige Tage diese faszinierende Stadt erkunden!<\/p>\n<p>&nbsp;<\/p>\n<p>&nbsp;<\/p>\n<p>&nbsp;<\/p>\n<header>\n<div class=\"_11qg6v7y\">\n<div class=\"_492uxj4\"><\/div>\n<\/div>\n<\/header>\n<section>\n<div>\n<section>\n<div>\n<div>\n<div>\n<div class=\"_ncwphzu\"><\/div>\n<div><\/div>\n<\/div>\n<\/div>\n<\/div>\n<\/section>\n<\/div>\n<div>\n<section>\n<div>\n<div>\n<div>\n<div><\/div>\n<\/div>\n<\/div>\n<\/div>\n<\/section>\n<\/div>\n<\/section>\n","protected":false},"excerpt":{"rendered":"<p>&nbsp; Lisboa Luminoso Apartment Genie\u00dfen Sie einen Aufenthalt im historischen Zentrum von Lissabon mit einem fantastischen Blick \u00fcber den Tejo und die Stadt. Das im Jahr 2017 komplett renovierte Lisboa Luminoso ist wundersch\u00f6n hell, luftig und modern und bietet alle&#8230;&#8230;&#8230;&#8230;&#8230;..<\/p>\n","protected":false},"author":1,"featured_media":1452,"parent":0,"menu_order":0,"comment_status":"closed","ping_status":"closed","template":"","meta":[],"_links":{"self":[{"href":"https:\/\/alentejoluminoso.com\/de\/wp-json\/wp\/v2\/pages\/1500"}],"collection":[{"href":"https:\/\/alentejoluminoso.com\/de\/wp-json\/wp\/v2\/pages"}],"about":[{"href":"https:\/\/alentejoluminoso.com\/de\/wp-json\/wp\/v2\/types\/page"}],"author":[{"embeddable":true,"href":"https:\/\/alentejoluminoso.com\/de\/wp-json\/wp\/v2\/users\/1"}],"replies":[{"embeddable":true,"href":"https:\/\/alentejoluminoso.com\/de\/wp-json\/wp\/v2\/comments?post=1500"}],"version-history":[{"count":5,"href":"https:\/\/alentejoluminoso.com\/de\/wp-json\/wp\/v2\/pages\/1500\/revisions"}],"predecessor-version":[{"id":1528,"href":"https:\/\/alentejoluminoso.com\/de\/wp-json\/wp\/v2\/pages\/1500\/revisions\/1528"}],"wp:featuredmedia":[{"embeddable":true,"href":"https:\/\/alentejoluminoso.com\/de\/wp-json\/wp\/v2\/media\/1452"}],"wp:attachment":[{"href":"https:\/\/alentejoluminoso.com\/de\/wp-json\/wp\/v2\/media?parent=1500"}],"curies":[{"name":"wp","href":"https:\/\/api.w.org\/{rel}","templated":true}]}}